{"id":17671,"date":"2024-05-05T11:48:46","date_gmt":"2024-05-05T08:48:46","guid":{"rendered":"https:\/\/chefurbanfood.com\/so-bereiten-sie-zu\/"},"modified":"2025-11-21T20:34:38","modified_gmt":"2025-11-21T17:34:38","slug":"so-bereiten-sie-zu","status":"publish","type":"page","link":"https:\/\/chefurbanfood.com\/de\/so-bereiten-sie-zu\/","title":{"rendered":"So bereiten Sie  zu."},"content":{"rendered":"\t\t<div data-elementor-type=\"wp-page\" data-elementor-id=\"17671\" class=\"elementor elementor-17671 elementor-14090\">\n\t\t\t\t\t\t<section class=\"elementor-section elementor-top-section elementor-element elementor-element-489b562 elementor-section-content-top elementor-section-boxed elementor-section-height-default elementor-section-height-default\" data-id=\"489b562\" data-element_type=\"section\" data-e-type=\"section\" data-settings=\"{&quot;background_background&quot;:&quot;classic&quot;}\">\n\t\t\t\t\t\t\t<div class=\"elementor-background-overlay\"><\/div>\n\t\t\t\t\t\t\t<div class=\"elementor-container elementor-column-gap-no\">\n\t\t\t\t\t<div class=\"elementor-column elementor-col-100 elementor-top-column elementor-element elementor-element-43a451f\" data-id=\"43a451f\" data-element_type=\"column\" data-e-type=\"column\" data-settings=\"{&quot;background_background&quot;:&quot;classic&quot;}\">\n\t\t\t<div class=\"elementor-widget-wrap elementor-element-populated\">\n\t\t\t\t\t<div class=\"elementor-background-overlay\"><\/div>\n\t\t\t\t\t\t<div class=\"elementor-element elementor-element-4ee7ba8 elementor-widget elementor-widget-heading\" data-id=\"4ee7ba8\" data-element_type=\"widget\" data-e-type=\"widget\" data-widget_type=\"heading.default\">\n\t\t\t\t<div class=\"elementor-widget-container\">\n\t\t\t\t\t<h6 class=\"elementor-heading-title elementor-size-default\">Zubereitungshinweise<\/h6>\t\t\t\t<\/div>\n\t\t\t\t<\/div>\n\t\t\t\t\t<\/div>\n\t\t<\/div>\n\t\t\t\t\t<\/div>\n\t\t<\/section>\n\t\t\t\t<section class=\"elementor-section elementor-top-section elementor-element elementor-element-a5d7412 elementor-section-content-top elementor-section-boxed elementor-section-height-default elementor-section-height-default\" data-id=\"a5d7412\" data-element_type=\"section\" data-e-type=\"section\" data-settings=\"{&quot;background_background&quot;:&quot;classic&quot;}\">\n\t\t\t\t\t\t\t<div class=\"elementor-background-overlay\"><\/div>\n\t\t\t\t\t\t\t<div class=\"elementor-container elementor-column-gap-no\">\n\t\t\t\t\t<div class=\"elementor-column elementor-col-100 elementor-top-column elementor-element elementor-element-659d1e8\" data-id=\"659d1e8\" data-element_type=\"column\" data-e-type=\"column\">\n\t\t\t<div class=\"elementor-widget-wrap elementor-element-populated\">\n\t\t\t\t\t\t<div class=\"elementor-element elementor-element-deb7803 elementor-widget elementor-widget-heading\" data-id=\"deb7803\" data-element_type=\"widget\" data-e-type=\"widget\" data-widget_type=\"heading.default\">\n\t\t\t\t<div class=\"elementor-widget-container\">\n\t\t\t\t\t<h2 class=\"elementor-heading-title elementor-size-default\">F\u00fcgen Sie einfach Wasser hinzu!<\/h2>\t\t\t\t<\/div>\n\t\t\t\t<\/div>\n\t\t\t\t<div class=\"elementor-element elementor-element-f5be669 elementor-widget elementor-widget-text-editor\" data-id=\"f5be669\" data-element_type=\"widget\" data-e-type=\"widget\" data-widget_type=\"text-editor.default\">\n\t\t\t\t<div class=\"elementor-widget-container\">\n\t\t\t\t\t\t\t\t\t<p>Die Zubereitung einer Chef Urban-Mahlzeit ist denkbar einfach. F\u00fcgen Sie einfach hei\u00dfes Wasser hinzu, lassen Sie es 10 Minuten ziehen und voila &#8211; eine k\u00f6stliche Mahlzeit ist servierfertig. F\u00fcgen Sie Ihre Beilage hinzu und genie\u00dfen Sie!<\/p>\t\t\t\t\t\t\t\t<\/div>\n\t\t\t\t<\/div>\n\t\t\t\t\t<\/div>\n\t\t<\/div>\n\t\t\t\t\t<\/div>\n\t\t<\/section>\n\t\t\t\t<section class=\"elementor-section elementor-top-section elementor-element elementor-element-9c36c1b elementor-section-boxed elementor-section-height-default elementor-section-height-default\" data-id=\"9c36c1b\" data-element_type=\"section\" data-e-type=\"section\" data-settings=\"{&quot;background_background&quot;:&quot;classic&quot;}\">\n\t\t\t\t\t\t\t<div class=\"elementor-background-overlay\"><\/div>\n\t\t\t\t\t\t\t<div class=\"elementor-container elementor-column-gap-no\">\n\t\t\t\t\t<div class=\"elementor-column elementor-col-100 elementor-top-column elementor-element elementor-element-6bd3e99\" data-id=\"6bd3e99\" data-element_type=\"column\" data-e-type=\"column\">\n\t\t\t<div class=\"elementor-widget-wrap elementor-element-populated\">\n\t\t\t\t\t\t<div class=\"elementor-element elementor-element-c941f27 e-transform elementor-widget elementor-widget-video\" data-id=\"c941f27\" data-element_type=\"widget\" data-e-type=\"widget\" data-settings=\"{&quot;video_type&quot;:&quot;hosted&quot;,&quot;start&quot;:0.1,&quot;autoplay&quot;:&quot;yes&quot;,&quot;play_on_mobile&quot;:&quot;yes&quot;,&quot;mute&quot;:&quot;yes&quot;,&quot;loop&quot;:&quot;yes&quot;,&quot;_transform_translateX_effect&quot;:{&quot;unit&quot;:&quot;px&quot;,&quot;size&quot;:&quot;&quot;,&quot;sizes&quot;:[]},&quot;_transform_translateX_effect_tablet&quot;:{&quot;unit&quot;:&quot;px&quot;,&quot;size&quot;:&quot;&quot;,&quot;sizes&quot;:[]},&quot;_transform_translateX_effect_mobile&quot;:{&quot;unit&quot;:&quot;px&quot;,&quot;size&quot;:&quot;&quot;,&quot;sizes&quot;:[]},&quot;_transform_translateY_effect&quot;:{&quot;unit&quot;:&quot;px&quot;,&quot;size&quot;:&quot;&quot;,&quot;sizes&quot;:[]},&quot;_transform_translateY_effect_tablet&quot;:{&quot;unit&quot;:&quot;px&quot;,&quot;size&quot;:&quot;&quot;,&quot;sizes&quot;:[]},&quot;_transform_translateY_effect_mobile&quot;:{&quot;unit&quot;:&quot;px&quot;,&quot;size&quot;:&quot;&quot;,&quot;sizes&quot;:[]}}\" data-widget_type=\"video.default\">\n\t\t\t\t<div class=\"elementor-widget-container\">\n\t\t\t\t\t\t\t<div class=\"e-hosted-video elementor-wrapper elementor-open-inline\">\n\t\t\t\t\t<video class=\"elementor-video\" src=\"https:\/\/chefurbanfood.com\/wp-content\/uploads\/2025\/11\/Chef_Urban_prepare_white2.mp4#t=0.1\" autoplay=\"\" loop=\"\" muted=\"muted\" playsinline=\"\" controlsList=\"nodownload\"><\/video>\n\t\t\t\t<\/div>\n\t\t\t\t\t\t<\/div>\n\t\t\t\t<\/div>\n\t\t\t\t<div class=\"elementor-element elementor-element-c14e5ec elementor-widget elementor-widget-text-editor\" data-id=\"c14e5ec\" data-element_type=\"widget\" data-e-type=\"widget\" data-widget_type=\"text-editor.default\">\n\t\t\t\t<div class=\"elementor-widget-container\">\n\t\t\t\t\t\t\t\t\t<p data-start=\"324\" data-end=\"390\"><strong data-start=\"328\" data-end=\"388\">Die Wassermenge steht auf der Verpackung (meist 200 ml. <\/strong>Messbecher oder K\u00fcchenwaage nutzen. Keine Hilfsmittel? Kein Problem \u2013 so viel Wasser zugeben, bis die Zutaten bedeckt sind, dann bei Bedarf anpassen.<\/p>\t\t\t\t\t\t\t\t<\/div>\n\t\t\t\t<\/div>\n\t\t\t\t\t<\/div>\n\t\t<\/div>\n\t\t\t\t\t<\/div>\n\t\t<\/section>\n\t\t\t\t<\/div>\n\t\t","protected":false},"excerpt":{"rendered":"<p>Zubereitungshinweise F\u00fcgen Sie einfach Wasser hinzu! Die Zubereitung einer Chef Urban-Mahlzeit ist denkbar einfach. F\u00fcgen Sie einfach hei\u00dfes Wasser hinzu, lassen Sie es 10 Minuten ziehen und voila &#8211; eine k\u00f6stliche Mahlzeit ist servierfertig. F\u00fcgen Sie Ihre Beilage hinzu und genie\u00dfen Sie! https:\/\/chefurbanfood.com\/wp-content\/uploads\/2025\/11\/Chef_Urban_prepare_white2.mp4#t=0.1 Die Wassermenge steht auf der Verpackung (meist 200 ml. Messbecher oder K\u00fcchenwaage [&hellip;]<\/p>\n","protected":false},"author":2,"featured_media":0,"parent":0,"menu_order":0,"comment_status":"closed","ping_status":"closed","template":"","meta":{"_acf_changed":false,"_uag_custom_page_level_css":"","site-sidebar-layout":"no-sidebar","site-content-layout":"page-builder","ast-site-content-layout":"default","site-content-style":"default","site-sidebar-style":"default","ast-global-header-display":"","ast-banner-title-visibility":"","ast-main-header-display":"","ast-hfb-above-header-display":"","ast-hfb-below-header-display":"","ast-hfb-mobile-header-display":"","site-post-title":"disabled","ast-breadcrumbs-content":"disabled","ast-featured-img":"disabled","footer-sml-layout":"","ast-disable-related-posts":"","theme-transparent-header-meta":"default","adv-header-id-meta":"","stick-header-meta":"","header-above-stick-meta":"","header-main-stick-meta":"","header-below-stick-meta":"","astra-migrate-meta-layouts":"default","ast-page-background-enabled":"default","ast-page-background-meta":{"desktop":{"background-color":"var(--ast-global-color-4)","background-image":"","background-repeat":"repeat","background-position":"center center","background-size":"auto","background-attachment":"scroll","background-type":"","background-media":"","overlay-type":"","overlay-color":"","overlay-opacity":"","overlay-gradient":""},"tablet":{"background-color":"","background-image":"","background-repeat":"repeat","background-position":"center center","background-size":"auto","background-attachment":"scroll","background-type":"","background-media":"","overlay-type":"","overlay-color":"","overlay-opacity":"","overlay-gradient":""},"mobile":{"background-color":"","background-image":"","background-repeat":"repeat","background-position":"center center","background-size":"auto","background-attachment":"scroll","background-type":"","background-media":"","overlay-type":"","overlay-color":"","overlay-opacity":"","overlay-gradient":""}},"ast-content-background-meta":{"desktop":{"background-color":"var(--ast-global-color-5)","background-image":"","background-repeat":"repeat","background-position":"center center","background-size":"auto","background-attachment":"scroll","background-type":"","background-media":"","overlay-type":"","overlay-color":"","overlay-opacity":"","overlay-gradient":""},"tablet":{"background-color":"var(--ast-global-color-5)","background-image":"","background-repeat":"repeat","background-position":"center center","background-size":"auto","background-attachment":"scroll","background-type":"","background-media":"","overlay-type":"","overlay-color":"","overlay-opacity":"","overlay-gradient":""},"mobile":{"background-color":"var(--ast-global-color-5)","background-image":"","background-repeat":"repeat","background-position":"center center","background-size":"auto","background-attachment":"scroll","background-type":"","background-media":"","overlay-type":"","overlay-color":"","overlay-opacity":"","overlay-gradient":""}},"footnotes":""},"class_list":["post-17671","page","type-page","status-publish","hentry"],"acf":[],"yoast_head":"<!-- This site is optimized with the Yoast SEO plugin v27.5 - https:\/\/yoast.com\/product\/yoast-seo-wordpress\/ -->\n<title>So bereiten Sie zu. - Chef Urban<\/title>\n<meta name=\"robots\" content=\"index, follow, max-snippet:-1, max-image-preview:large, max-video-preview:-1\" \/>\n<link rel=\"canonical\" href=\"https:\/\/chefurbanfood.com\/how-to-prepare\/\" \/>\n<meta property=\"og:locale\" content=\"de_DE\" \/>\n<meta property=\"og:type\" content=\"article\" \/>\n<meta property=\"og:title\" content=\"So bereiten Sie zu. - Chef Urban\" \/>\n<meta property=\"og:description\" content=\"Zubereitungshinweise F\u00fcgen Sie einfach Wasser hinzu! Die Zubereitung einer Chef Urban-Mahlzeit ist denkbar einfach. F\u00fcgen Sie einfach hei\u00dfes Wasser hinzu, lassen Sie es 10 Minuten ziehen und voila &#8211; eine k\u00f6stliche Mahlzeit ist servierfertig. F\u00fcgen Sie Ihre Beilage hinzu und genie\u00dfen Sie! https:\/\/chefurbanfood.com\/wp-content\/uploads\/2025\/11\/Chef_Urban_prepare_white2.mp4#t=0.1 Die Wassermenge steht auf der Verpackung (meist 200 ml. Messbecher oder K\u00fcchenwaage [&hellip;]\" \/>\n<meta property=\"og:url\" content=\"https:\/\/chefurbanfood.com\/how-to-prepare\/\" \/>\n<meta property=\"og:site_name\" content=\"Chef Urban\" \/>\n<meta property=\"article:modified_time\" content=\"2025-11-21T17:34:38+00:00\" \/>\n<meta property=\"og:image\" content=\"https:\/\/chefurbanfood.com\/wp-content\/uploads\/2024\/07\/Cooking_The_Fast_Real_Food_Revolution_img.jpg\" \/>\n\t<meta property=\"og:image:width\" content=\"1600\" \/>\n\t<meta property=\"og:image:height\" content=\"897\" \/>\n\t<meta property=\"og:image:type\" content=\"image\/jpeg\" \/>\n<meta name=\"twitter:card\" content=\"summary_large_image\" \/>\n<meta name=\"twitter:label1\" content=\"Gesch\u00e4tzte Lesezeit\" \/>\n\t<meta name=\"twitter:data1\" content=\"1\u00a0Minute\" \/>\n<script type=\"application\/ld+json\" class=\"yoast-schema-graph\">{\"@context\":\"https:\\\/\\\/schema.org\",\"@graph\":[{\"@type\":\"WebPage\",\"@id\":\"https:\\\/\\\/chefurbanfood.com\\\/how-to-prepare\\\/\",\"url\":\"https:\\\/\\\/chefurbanfood.com\\\/how-to-prepare\\\/\",\"name\":\"So bereiten Sie zu. - Chef Urban\",\"isPartOf\":{\"@id\":\"https:\\\/\\\/chefurbanfood.com\\\/#website\"},\"datePublished\":\"2024-05-05T08:48:46+00:00\",\"dateModified\":\"2025-11-21T17:34:38+00:00\",\"breadcrumb\":{\"@id\":\"https:\\\/\\\/chefurbanfood.com\\\/how-to-prepare\\\/#breadcrumb\"},\"inLanguage\":\"de\",\"potentialAction\":[{\"@type\":\"ReadAction\",\"target\":[\"https:\\\/\\\/chefurbanfood.com\\\/how-to-prepare\\\/\"]}]},{\"@type\":\"BreadcrumbList\",\"@id\":\"https:\\\/\\\/chefurbanfood.com\\\/how-to-prepare\\\/#breadcrumb\",\"itemListElement\":[{\"@type\":\"ListItem\",\"position\":1,\"name\":\"Home\",\"item\":\"https:\\\/\\\/chefurbanfood.com\\\/\"},{\"@type\":\"ListItem\",\"position\":2,\"name\":\"So bereiten Sie zu.\"}]},{\"@type\":\"WebSite\",\"@id\":\"https:\\\/\\\/chefurbanfood.com\\\/#website\",\"url\":\"https:\\\/\\\/chefurbanfood.com\\\/\",\"name\":\"Chef Urban - Fast Real Food\",\"description\":\"Hand-cooked healthy and tasty meals. Just add water.\",\"publisher\":{\"@id\":\"https:\\\/\\\/chefurbanfood.com\\\/#organization\"},\"potentialAction\":[{\"@type\":\"SearchAction\",\"target\":{\"@type\":\"EntryPoint\",\"urlTemplate\":\"https:\\\/\\\/chefurbanfood.com\\\/?s={search_term_string}\"},\"query-input\":{\"@type\":\"PropertyValueSpecification\",\"valueRequired\":true,\"valueName\":\"search_term_string\"}}],\"inLanguage\":\"de\"},{\"@type\":\"Organization\",\"@id\":\"https:\\\/\\\/chefurbanfood.com\\\/#organization\",\"name\":\"Chef Urban - Fast Real Food\",\"url\":\"https:\\\/\\\/chefurbanfood.com\\\/\",\"logo\":{\"@type\":\"ImageObject\",\"inLanguage\":\"de\",\"@id\":\"https:\\\/\\\/chefurbanfood.com\\\/#\\\/schema\\\/logo\\\/image\\\/\",\"url\":\"https:\\\/\\\/chefurbanfood.com\\\/wp-content\\\/uploads\\\/2023\\\/07\\\/Chef-Urban-site-ico.png\",\"contentUrl\":\"https:\\\/\\\/chefurbanfood.com\\\/wp-content\\\/uploads\\\/2023\\\/07\\\/Chef-Urban-site-ico.png\",\"width\":501,\"height\":501,\"caption\":\"Chef Urban - Fast Real Food\"},\"image\":{\"@id\":\"https:\\\/\\\/chefurbanfood.com\\\/#\\\/schema\\\/logo\\\/image\\\/\"}}]}<\/script>\n<!-- \/ Yoast SEO plugin. -->","yoast_head_json":{"title":"So bereiten Sie zu. - Chef Urban","robots":{"index":"index","follow":"follow","max-snippet":"max-snippet:-1","max-image-preview":"max-image-preview:large","max-video-preview":"max-video-preview:-1"},"canonical":"https:\/\/chefurbanfood.com\/how-to-prepare\/","og_locale":"de_DE","og_type":"article","og_title":"So bereiten Sie zu. - Chef Urban","og_description":"Zubereitungshinweise F\u00fcgen Sie einfach Wasser hinzu! Die Zubereitung einer Chef Urban-Mahlzeit ist denkbar einfach. F\u00fcgen Sie einfach hei\u00dfes Wasser hinzu, lassen Sie es 10 Minuten ziehen und voila &#8211; eine k\u00f6stliche Mahlzeit ist servierfertig. F\u00fcgen Sie Ihre Beilage hinzu und genie\u00dfen Sie! https:\/\/chefurbanfood.com\/wp-content\/uploads\/2025\/11\/Chef_Urban_prepare_white2.mp4#t=0.1 Die Wassermenge steht auf der Verpackung (meist 200 ml. Messbecher oder K\u00fcchenwaage [&hellip;]","og_url":"https:\/\/chefurbanfood.com\/how-to-prepare\/","og_site_name":"Chef Urban","article_modified_time":"2025-11-21T17:34:38+00:00","og_image":[{"width":1600,"height":897,"url":"https:\/\/chefurbanfood.com\/wp-content\/uploads\/2024\/07\/Cooking_The_Fast_Real_Food_Revolution_img.jpg","type":"image\/jpeg"}],"twitter_card":"summary_large_image","twitter_misc":{"Gesch\u00e4tzte Lesezeit":"1\u00a0Minute"},"schema":{"@context":"https:\/\/schema.org","@graph":[{"@type":"WebPage","@id":"https:\/\/chefurbanfood.com\/how-to-prepare\/","url":"https:\/\/chefurbanfood.com\/how-to-prepare\/","name":"So bereiten Sie zu. - Chef Urban","isPartOf":{"@id":"https:\/\/chefurbanfood.com\/#website"},"datePublished":"2024-05-05T08:48:46+00:00","dateModified":"2025-11-21T17:34:38+00:00","breadcrumb":{"@id":"https:\/\/chefurbanfood.com\/how-to-prepare\/#breadcrumb"},"inLanguage":"de","potentialAction":[{"@type":"ReadAction","target":["https:\/\/chefurbanfood.com\/how-to-prepare\/"]}]},{"@type":"BreadcrumbList","@id":"https:\/\/chefurbanfood.com\/how-to-prepare\/#breadcrumb","itemListElement":[{"@type":"ListItem","position":1,"name":"Home","item":"https:\/\/chefurbanfood.com\/"},{"@type":"ListItem","position":2,"name":"So bereiten Sie zu."}]},{"@type":"WebSite","@id":"https:\/\/chefurbanfood.com\/#website","url":"https:\/\/chefurbanfood.com\/","name":"Chef Urban - Fast Real Food","description":"Hand-cooked healthy and tasty meals. Just add water.","publisher":{"@id":"https:\/\/chefurbanfood.com\/#organization"},"potentialAction":[{"@type":"SearchAction","target":{"@type":"EntryPoint","urlTemplate":"https:\/\/chefurbanfood.com\/?s={search_term_string}"},"query-input":{"@type":"PropertyValueSpecification","valueRequired":true,"valueName":"search_term_string"}}],"inLanguage":"de"},{"@type":"Organization","@id":"https:\/\/chefurbanfood.com\/#organization","name":"Chef Urban - Fast Real Food","url":"https:\/\/chefurbanfood.com\/","logo":{"@type":"ImageObject","inLanguage":"de","@id":"https:\/\/chefurbanfood.com\/#\/schema\/logo\/image\/","url":"https:\/\/chefurbanfood.com\/wp-content\/uploads\/2023\/07\/Chef-Urban-site-ico.png","contentUrl":"https:\/\/chefurbanfood.com\/wp-content\/uploads\/2023\/07\/Chef-Urban-site-ico.png","width":501,"height":501,"caption":"Chef Urban - Fast Real Food"},"image":{"@id":"https:\/\/chefurbanfood.com\/#\/schema\/logo\/image\/"}}]}},"uagb_featured_image_src":{"full":false,"thumbnail":false,"medium":false,"medium_large":false,"large":false,"1536x1536":false,"2048x2048":false,"woocommerce_thumbnail":false,"woocommerce_single":false,"woocommerce_gallery_thumbnail":false},"uagb_author_info":{"display_name":"rainer","author_link":"https:\/\/chefurbanfood.com\/de\/author\/rainer\/"},"uagb_comment_info":0,"uagb_excerpt":"Zubereitungshinweise F\u00fcgen Sie einfach Wasser hinzu! Die Zubereitung einer Chef Urban-Mahlzeit ist denkbar einfach. F\u00fcgen Sie einfach hei\u00dfes Wasser hinzu, lassen Sie es 10 Minuten ziehen und voila &#8211; eine k\u00f6stliche Mahlzeit ist servierfertig. F\u00fcgen Sie Ihre Beilage hinzu und genie\u00dfen Sie! https:\/\/chefurbanfood.com\/wp-content\/uploads\/2025\/11\/Chef_Urban_prepare_white2.mp4#t=0.1 Die Wassermenge steht auf der Verpackung (meist 200 ml. Messbecher oder K\u00fcchenwaage&hellip;","_links":{"self":[{"href":"https:\/\/chefurbanfood.com\/de\/wp-json\/wp\/v2\/pages\/17671","targetHints":{"allow":["GET"]}}],"collection":[{"href":"https:\/\/chefurbanfood.com\/de\/wp-json\/wp\/v2\/pages"}],"about":[{"href":"https:\/\/chefurbanfood.com\/de\/wp-json\/wp\/v2\/types\/page"}],"author":[{"embeddable":true,"href":"https:\/\/chefurbanfood.com\/de\/wp-json\/wp\/v2\/users\/2"}],"replies":[{"embeddable":true,"href":"https:\/\/chefurbanfood.com\/de\/wp-json\/wp\/v2\/comments?post=17671"}],"version-history":[{"count":3,"href":"https:\/\/chefurbanfood.com\/de\/wp-json\/wp\/v2\/pages\/17671\/revisions"}],"predecessor-version":[{"id":20458,"href":"https:\/\/chefurbanfood.com\/de\/wp-json\/wp\/v2\/pages\/17671\/revisions\/20458"}],"wp:attachment":[{"href":"https:\/\/chefurbanfood.com\/de\/wp-json\/wp\/v2\/media?parent=17671"}],"curies":[{"name":"wp","href":"https:\/\/api.w.org\/{rel}","templated":true}]}}