{"id":18825,"date":"2024-03-08T19:43:16","date_gmt":"2024-03-08T16:43:16","guid":{"rendered":"https:\/\/chefurbanfood.com\/gefriertrockene-technologie\/"},"modified":"2024-11-02T23:18:04","modified_gmt":"2024-11-02T20:18:04","slug":"gefriertrockene-technologie","status":"publish","type":"page","link":"https:\/\/chefurbanfood.com\/de\/gefriertrockene-technologie\/","title":{"rendered":"Gefriertrockene Technologie"},"content":{"rendered":"\t\t<div data-elementor-type=\"wp-page\" data-elementor-id=\"18825\" class=\"elementor elementor-18825 elementor-8621\">\n\t\t\t\t\t\t<section class=\"elementor-section elementor-top-section elementor-element elementor-element-llhxgvf elementor-section-content-top elementor-section-boxed elementor-section-height-default elementor-section-height-default\" data-id=\"llhxgvf\" data-element_type=\"section\" data-e-type=\"section\" data-settings=\"{&quot;background_background&quot;:&quot;classic&quot;}\">\n\t\t\t\t\t\t\t<div class=\"elementor-background-overlay\"><\/div>\n\t\t\t\t\t\t\t<div class=\"elementor-container elementor-column-gap-no\">\n\t\t\t\t\t<div class=\"elementor-column elementor-col-100 elementor-top-column elementor-element elementor-element-36e7ccd\" data-id=\"36e7ccd\" data-element_type=\"column\" data-e-type=\"column\">\n\t\t\t<div class=\"elementor-widget-wrap elementor-element-populated\">\n\t\t\t\t\t\t<div class=\"elementor-element elementor-element-febb385 elementor-widget elementor-widget-heading\" data-id=\"febb385\" data-element_type=\"widget\" data-e-type=\"widget\" data-widget_type=\"heading.default\">\n\t\t\t\t<div class=\"elementor-widget-container\">\n\t\t\t\t\t<h2 class=\"elementor-heading-title elementor-size-default\">Gefriertrockene Technologie<\/h2>\t\t\t\t<\/div>\n\t\t\t\t<\/div>\n\t\t\t\t\t<\/div>\n\t\t<\/div>\n\t\t\t\t\t<\/div>\n\t\t<\/section>\n\t\t\t\t<section class=\"elementor-section elementor-top-section elementor-element elementor-element-b158776 elementor-section-content-top elementor-section-boxed elementor-section-height-default elementor-section-height-default\" data-id=\"b158776\" data-element_type=\"section\" data-e-type=\"section\" data-settings=\"{&quot;background_background&quot;:&quot;classic&quot;}\">\n\t\t\t\t\t\t\t<div class=\"elementor-background-overlay\"><\/div>\n\t\t\t\t\t\t\t<div class=\"elementor-container elementor-column-gap-no\">\n\t\t\t\t\t<div class=\"elementor-column elementor-col-100 elementor-top-column elementor-element elementor-element-a5b3292\" data-id=\"a5b3292\" data-element_type=\"column\" data-e-type=\"column\">\n\t\t\t<div class=\"elementor-widget-wrap elementor-element-populated\">\n\t\t\t\t\t\t<div class=\"elementor-element elementor-element-d2106ed elementor-widget elementor-widget-text-editor\" data-id=\"d2106ed\" data-element_type=\"widget\" data-e-type=\"widget\" data-widget_type=\"text-editor.default\">\n\t\t\t\t<div class=\"elementor-widget-container\">\n\t\t\t\t\t\t\t\t\t<h5>Die Wissenschaft hinter \u00fcberlegener Lebensmittelkonservierung<\/h5><p><strong>Die Gefriertrocknung, auch bekannt als Gefriertrocknung,<\/strong> ist eine hochentwickelte Konservierungsmethode, bei der Lebensmitteln durch Sublimation Feuchtigkeit entzogen wird, indem Eis direkt in Dampf umgewandelt wird, ohne eine fl\u00fcssige Phase zu durchlaufen. Diese hochmoderne Technik erm\u00f6glicht es uns, Lebensmittel in ihrem nahezu urspr\u00fcnglichen Zustand zu konservieren, wobei Geschmack, Aroma und N\u00e4hrwert erhalten bleiben.<\/p><h5>Der Prozess: Wie es funktioniert<\/h5><p><strong>Beim Einfrieren<\/strong> wird das Lebensmittel zun\u00e4chst eingefroren, um den Wassergehalt zu verfestigen. Dann sublimiert das gefrorene Wasser in den Lebensmitteln unter Vakuum und verwandelt sich direkt von Eis in Wasserdampf. Dieser allm\u00e4hliche und sorgf\u00e4ltige Wasserentzug geschieht ohne weiteres Kochen der Lebensmittel, wodurch ihre Struktur und ihr N\u00e4hrstoffgehalt erhalten bleiben.<\/p><h5>Vorteile gegen\u00fcber konventionellen Methoden<\/h5><p>Die Gefriertrocknung <strong>bewahrt die Qualit\u00e4t und Unversehrtheit der<\/strong> Lebensmittel und unterscheidet sich von herk\u00f6mmlichen Trocknungsmethoden, die mit Hitze arbeiten, wodurch die N\u00e4hrstoffe der Lebensmittel zerst\u00f6rt und ihr Geschmack ver\u00e4ndert werden k\u00f6nnen. Durch den Verzicht auf hohe Temperaturen gew\u00e4hrleistet die Gefriertrocknung, dass die Zellstruktur der Lebensmittel intakt bleibt, ebenso wie ihre Vitamine, Mineralien und Enzyme.<\/p><h5>Verl\u00e4ngerte Haltbarkeit ohne Kompromisse<\/h5><p><strong>Lang anhaltende Frische ohne Konservierungsstoffe.<\/strong> Die Abwesenheit von Feuchtigkeit verl\u00e4ngert die Haltbarkeit von Lebensmitteln dramatisch, so dass gefriergetrocknete Produkte ideal f\u00fcr die Lagerung und den Transport sind, ohne dass K\u00fchlung oder chemische Konservierungsmittel erforderlich sind. Dies macht sie zu einer umweltfreundlichen Option, die Lebensmittelabf\u00e4lle und den Energieverbrauch reduziert.<\/p><h5>Neue M\u00f6glichkeiten erschlie\u00dfen<\/h5><p><strong>Innovation in jedem Bissen.<\/strong> Die Gefriertrocknungstechnologie er\u00f6ffnet neue M\u00f6glichkeiten, um jederzeit und \u00fcberall hochwertige Mahlzeiten zu genie\u00dfen. Sie erm\u00f6glicht die Konservierung einer Vielzahl von Lebensmitteln, von Obst und Gem\u00fcse bis hin zu kompletten Gourmetgerichten, und sorgt daf\u00fcr, dass Komfort und Qualit\u00e4t Hand in Hand gehen.<\/p><p>Die Technologie der Gefriertrocknung ist mehr als nur eine Konservierungsmethode. Sie ist das Tor zu nachhaltigen, nahrhaften und bequemen L\u00f6sungen f\u00fcr die Ern\u00e4hrung, die den Anforderungen der heutigen schnelllebigen Welt gerecht werden, ohne auf den Genuss echter Lebensmittel zu verzichten.<\/p>\t\t\t\t\t\t\t\t<\/div>\n\t\t\t\t<\/div>\n\t\t\t\t\t<\/div>\n\t\t<\/div>\n\t\t\t\t\t<\/div>\n\t\t<\/section>\n\t\t\t\t<section class=\"elementor-section elementor-top-section elementor-element elementor-element-a6f2055 elementor-section-content-top elementor-section-full_width elementor-section-height-default elementor-section-height-default\" data-id=\"a6f2055\" data-element_type=\"section\" data-e-type=\"section\" data-settings=\"{&quot;background_background&quot;:&quot;classic&quot;}\">\n\t\t\t\t\t\t\t<div class=\"elementor-background-overlay\"><\/div>\n\t\t\t\t\t\t\t<div class=\"elementor-container elementor-column-gap-no\">\n\t\t\t\t\t<div class=\"elementor-column elementor-col-100 elementor-top-column elementor-element elementor-element-1b7c405\" data-id=\"1b7c405\" data-element_type=\"column\" data-e-type=\"column\" data-settings=\"{&quot;background_background&quot;:&quot;classic&quot;}\">\n\t\t\t<div class=\"elementor-widget-wrap elementor-element-populated\">\n\t\t\t\t\t\t<div class=\"elementor-element elementor-element-6e2993a elementor-widget elementor-widget-image\" data-id=\"6e2993a\" data-element_type=\"widget\" data-e-type=\"widget\" data-widget_type=\"image.default\">\n\t\t\t\t<div class=\"elementor-widget-container\">\n\t\t\t\t\t\t\t\t\t\t\t\t\t\t\t<img fetchpriority=\"high\" decoding=\"async\" width=\"960\" height=\"540\" src=\"https:\/\/chefurbanfood.com\/wp-content\/uploads\/2024\/03\/Freeze-Dried-Meal.webp\" class=\"attachment-full size-full wp-image-17427\" alt=\"\" srcset=\"https:\/\/chefurbanfood.com\/wp-content\/uploads\/2024\/03\/Freeze-Dried-Meal.webp 960w, https:\/\/chefurbanfood.com\/wp-content\/uploads\/2024\/03\/Freeze-Dried-Meal-600x338.webp 600w, https:\/\/chefurbanfood.com\/wp-content\/uploads\/2024\/03\/Freeze-Dried-Meal-300x169.webp 300w, https:\/\/chefurbanfood.com\/wp-content\/uploads\/2024\/03\/Freeze-Dried-Meal-768x432.webp 768w\" sizes=\"(max-width: 960px) 100vw, 960px\" \/>\t\t\t\t\t\t\t\t\t\t\t\t\t\t\t<\/div>\n\t\t\t\t<\/div>\n\t\t\t\t\t<\/div>\n\t\t<\/div>\n\t\t\t\t\t<\/div>\n\t\t<\/section>\n\t\t\t\t<\/div>\n\t\t","protected":false},"excerpt":{"rendered":"<p>Gefriertrockene Technologie Die Wissenschaft hinter \u00fcberlegener Lebensmittelkonservierung Die Gefriertrocknung, auch bekannt als Gefriertrocknung, ist eine hochentwickelte Konservierungsmethode, bei der Lebensmitteln durch Sublimation Feuchtigkeit entzogen wird, indem Eis direkt in Dampf umgewandelt wird, ohne eine fl\u00fcssige Phase zu durchlaufen. Diese hochmoderne Technik erm\u00f6glicht es uns, Lebensmittel in ihrem nahezu urspr\u00fcnglichen Zustand zu konservieren, wobei Geschmack, Aroma [&hellip;]<\/p>\n","protected":false},"author":2,"featured_media":0,"parent":0,"menu_order":0,"comment_status":"closed","ping_status":"closed","template":"","meta":{"_acf_changed":false,"_uag_custom_page_level_css":"","site-sidebar-layout":"no-sidebar","site-content-layout":"page-builder","ast-site-content-layout":"default","site-content-style":"default","site-sidebar-style":"default","ast-global-header-display":"","ast-banner-title-visibility":"","ast-main-header-display":"","ast-hfb-above-header-display":"","ast-hfb-below-header-display":"","ast-hfb-mobile-header-display":"","site-post-title":"disabled","ast-breadcrumbs-content":"disabled","ast-featured-img":"disabled","footer-sml-layout":"","ast-disable-related-posts":"","theme-transparent-header-meta":"default","adv-header-id-meta":"","stick-header-meta":"","header-above-stick-meta":"","header-main-stick-meta":"","header-below-stick-meta":"","astra-migrate-meta-layouts":"default","ast-page-background-enabled":"default","ast-page-background-meta":{"desktop":{"background-color":"var(--ast-global-color-4)","background-image":"","background-repeat":"repeat","background-position":"center center","background-size":"auto","background-attachment":"scroll","background-type":"","background-media":"","overlay-type":"","overlay-color":"","overlay-opacity":"","overlay-gradient":""},"tablet":{"background-color":"","background-image":"","background-repeat":"repeat","background-position":"center center","background-size":"auto","background-attachment":"scroll","background-type":"","background-media":"","overlay-type":"","overlay-color":"","overlay-opacity":"","overlay-gradient":""},"mobile":{"background-color":"","background-image":"","background-repeat":"repeat","background-position":"center center","background-size":"auto","background-attachment":"scroll","background-type":"","background-media":"","overlay-type":"","overlay-color":"","overlay-opacity":"","overlay-gradient":""}},"ast-content-background-meta":{"desktop":{"background-color":"var(--ast-global-color-5)","background-image":"","background-repeat":"repeat","background-position":"center center","background-size":"auto","background-attachment":"scroll","background-type":"","background-media":"","overlay-type":"","overlay-color":"","overlay-opacity":"","overlay-gradient":""},"tablet":{"background-color":"var(--ast-global-color-5)","background-image":"","background-repeat":"repeat","background-position":"center center","background-size":"auto","background-attachment":"scroll","background-type":"","background-media":"","overlay-type":"","overlay-color":"","overlay-opacity":"","overlay-gradient":""},"mobile":{"background-color":"var(--ast-global-color-5)","background-image":"","background-repeat":"repeat","background-position":"center center","background-size":"auto","background-attachment":"scroll","background-type":"","background-media":"","overlay-type":"","overlay-color":"","overlay-opacity":"","overlay-gradient":""}},"footnotes":""},"class_list":["post-18825","page","type-page","status-publish","hentry"],"acf":[],"yoast_head":"<!-- This site is optimized with the Yoast SEO plugin v27.2 - https:\/\/yoast.com\/product\/yoast-seo-wordpress\/ -->\n<title>Gefriertrockene Technologie - Chef Urban<\/title>\n<meta name=\"robots\" content=\"index, follow, max-snippet:-1, max-image-preview:large, max-video-preview:-1\" \/>\n<link rel=\"canonical\" href=\"https:\/\/chefurbanfood.com\/de\/gefriertrockene-technologie\/\" \/>\n<meta property=\"og:locale\" content=\"de_DE\" \/>\n<meta property=\"og:type\" content=\"article\" \/>\n<meta property=\"og:title\" content=\"Gefriertrockene Technologie - Chef Urban\" \/>\n<meta property=\"og:description\" content=\"Gefriertrockene Technologie Die Wissenschaft hinter \u00fcberlegener Lebensmittelkonservierung Die Gefriertrocknung, auch bekannt als Gefriertrocknung, ist eine hochentwickelte Konservierungsmethode, bei der Lebensmitteln durch Sublimation Feuchtigkeit entzogen wird, indem Eis direkt in Dampf umgewandelt wird, ohne eine fl\u00fcssige Phase zu durchlaufen. Diese hochmoderne Technik erm\u00f6glicht es uns, Lebensmittel in ihrem nahezu urspr\u00fcnglichen Zustand zu konservieren, wobei Geschmack, Aroma [&hellip;]\" \/>\n<meta property=\"og:url\" content=\"https:\/\/chefurbanfood.com\/de\/gefriertrockene-technologie\/\" \/>\n<meta property=\"og:site_name\" content=\"Chef Urban\" \/>\n<meta property=\"article:modified_time\" content=\"2024-11-02T20:18:04+00:00\" \/>\n<meta property=\"og:image\" content=\"https:\/\/chefurbanfood.com\/wp-content\/uploads\/2024\/07\/Cooking_The_Fast_Real_Food_Revolution_img.jpg\" \/>\n<meta name=\"twitter:card\" content=\"summary_large_image\" \/>\n<meta name=\"twitter:label1\" content=\"Gesch\u00e4tzte Lesezeit\" \/>\n\t<meta name=\"twitter:data1\" content=\"2\u00a0Minuten\" \/>\n<script type=\"application\/ld+json\" class=\"yoast-schema-graph\">{\"@context\":\"https:\/\/schema.org\",\"@graph\":[{\"@type\":\"WebPage\",\"@id\":\"https:\/\/chefurbanfood.com\/de\/gefriertrockene-technologie\/\",\"url\":\"https:\/\/chefurbanfood.com\/de\/gefriertrockene-technologie\/\",\"name\":\"Gefriertrockene Technologie - Chef Urban\",\"isPartOf\":{\"@id\":\"https:\/\/chefurbanfood.com\/#website\"},\"primaryImageOfPage\":{\"@id\":\"https:\/\/chefurbanfood.com\/de\/gefriertrockene-technologie\/#primaryimage\"},\"image\":{\"@id\":\"https:\/\/chefurbanfood.com\/de\/gefriertrockene-technologie\/#primaryimage\"},\"thumbnailUrl\":\"https:\/\/chefurbanfood.com\/wp-content\/uploads\/2024\/03\/Freeze-Dried-Meal.webp\",\"datePublished\":\"2024-03-08T16:43:16+00:00\",\"dateModified\":\"2024-11-02T20:18:04+00:00\",\"breadcrumb\":{\"@id\":\"https:\/\/chefurbanfood.com\/de\/gefriertrockene-technologie\/#breadcrumb\"},\"inLanguage\":\"de\",\"potentialAction\":[{\"@type\":\"ReadAction\",\"target\":[\"https:\/\/chefurbanfood.com\/de\/gefriertrockene-technologie\/\"]}]},{\"@type\":\"ImageObject\",\"inLanguage\":\"de\",\"@id\":\"https:\/\/chefurbanfood.com\/de\/gefriertrockene-technologie\/#primaryimage\",\"url\":\"https:\/\/chefurbanfood.com\/wp-content\/uploads\/2024\/03\/Freeze-Dried-Meal.webp\",\"contentUrl\":\"https:\/\/chefurbanfood.com\/wp-content\/uploads\/2024\/03\/Freeze-Dried-Meal.webp\"},{\"@type\":\"BreadcrumbList\",\"@id\":\"https:\/\/chefurbanfood.com\/de\/gefriertrockene-technologie\/#breadcrumb\",\"itemListElement\":[{\"@type\":\"ListItem\",\"position\":1,\"name\":\"Home\",\"item\":\"https:\/\/chefurbanfood.com\/\"},{\"@type\":\"ListItem\",\"position\":2,\"name\":\"Gefriertrockene Technologie\"}]},{\"@type\":\"WebSite\",\"@id\":\"https:\/\/chefurbanfood.com\/#website\",\"url\":\"https:\/\/chefurbanfood.com\/\",\"name\":\"Chef Urban - Fast Real Food\",\"description\":\"Hand-cooked healthy and tasty meals. Just add water.\",\"publisher\":{\"@id\":\"https:\/\/chefurbanfood.com\/#organization\"},\"potentialAction\":[{\"@type\":\"SearchAction\",\"target\":{\"@type\":\"EntryPoint\",\"urlTemplate\":\"https:\/\/chefurbanfood.com\/?s={search_term_string}\"},\"query-input\":{\"@type\":\"PropertyValueSpecification\",\"valueRequired\":true,\"valueName\":\"search_term_string\"}}],\"inLanguage\":\"de\"},{\"@type\":\"Organization\",\"@id\":\"https:\/\/chefurbanfood.com\/#organization\",\"name\":\"Chef Urban - Fast Real Food\",\"url\":\"https:\/\/chefurbanfood.com\/\",\"logo\":{\"@type\":\"ImageObject\",\"inLanguage\":\"de\",\"@id\":\"https:\/\/chefurbanfood.com\/#\/schema\/logo\/image\/\",\"url\":\"https:\/\/chefurbanfood.com\/wp-content\/uploads\/2023\/07\/Chef-Urban-site-ico.png\",\"contentUrl\":\"https:\/\/chefurbanfood.com\/wp-content\/uploads\/2023\/07\/Chef-Urban-site-ico.png\",\"width\":501,\"height\":501,\"caption\":\"Chef Urban - Fast Real Food\"},\"image\":{\"@id\":\"https:\/\/chefurbanfood.com\/#\/schema\/logo\/image\/\"}}]}<\/script>\n<!-- \/ Yoast SEO plugin. -->","yoast_head_json":{"title":"Gefriertrockene Technologie - Chef Urban","robots":{"index":"index","follow":"follow","max-snippet":"max-snippet:-1","max-image-preview":"max-image-preview:large","max-video-preview":"max-video-preview:-1"},"canonical":"https:\/\/chefurbanfood.com\/de\/gefriertrockene-technologie\/","og_locale":"de_DE","og_type":"article","og_title":"Gefriertrockene Technologie - Chef Urban","og_description":"Gefriertrockene Technologie Die Wissenschaft hinter \u00fcberlegener Lebensmittelkonservierung Die Gefriertrocknung, auch bekannt als Gefriertrocknung, ist eine hochentwickelte Konservierungsmethode, bei der Lebensmitteln durch Sublimation Feuchtigkeit entzogen wird, indem Eis direkt in Dampf umgewandelt wird, ohne eine fl\u00fcssige Phase zu durchlaufen. Diese hochmoderne Technik erm\u00f6glicht es uns, Lebensmittel in ihrem nahezu urspr\u00fcnglichen Zustand zu konservieren, wobei Geschmack, Aroma [&hellip;]","og_url":"https:\/\/chefurbanfood.com\/de\/gefriertrockene-technologie\/","og_site_name":"Chef Urban","article_modified_time":"2024-11-02T20:18:04+00:00","og_image":[{"url":"https:\/\/chefurbanfood.com\/wp-content\/uploads\/2024\/07\/Cooking_The_Fast_Real_Food_Revolution_img.jpg","type":"","width":"","height":""}],"twitter_card":"summary_large_image","twitter_misc":{"Gesch\u00e4tzte Lesezeit":"2\u00a0Minuten"},"schema":{"@context":"https:\/\/schema.org","@graph":[{"@type":"WebPage","@id":"https:\/\/chefurbanfood.com\/de\/gefriertrockene-technologie\/","url":"https:\/\/chefurbanfood.com\/de\/gefriertrockene-technologie\/","name":"Gefriertrockene Technologie - Chef Urban","isPartOf":{"@id":"https:\/\/chefurbanfood.com\/#website"},"primaryImageOfPage":{"@id":"https:\/\/chefurbanfood.com\/de\/gefriertrockene-technologie\/#primaryimage"},"image":{"@id":"https:\/\/chefurbanfood.com\/de\/gefriertrockene-technologie\/#primaryimage"},"thumbnailUrl":"https:\/\/chefurbanfood.com\/wp-content\/uploads\/2024\/03\/Freeze-Dried-Meal.webp","datePublished":"2024-03-08T16:43:16+00:00","dateModified":"2024-11-02T20:18:04+00:00","breadcrumb":{"@id":"https:\/\/chefurbanfood.com\/de\/gefriertrockene-technologie\/#breadcrumb"},"inLanguage":"de","potentialAction":[{"@type":"ReadAction","target":["https:\/\/chefurbanfood.com\/de\/gefriertrockene-technologie\/"]}]},{"@type":"ImageObject","inLanguage":"de","@id":"https:\/\/chefurbanfood.com\/de\/gefriertrockene-technologie\/#primaryimage","url":"https:\/\/chefurbanfood.com\/wp-content\/uploads\/2024\/03\/Freeze-Dried-Meal.webp","contentUrl":"https:\/\/chefurbanfood.com\/wp-content\/uploads\/2024\/03\/Freeze-Dried-Meal.webp"},{"@type":"BreadcrumbList","@id":"https:\/\/chefurbanfood.com\/de\/gefriertrockene-technologie\/#breadcrumb","itemListElement":[{"@type":"ListItem","position":1,"name":"Home","item":"https:\/\/chefurbanfood.com\/"},{"@type":"ListItem","position":2,"name":"Gefriertrockene Technologie"}]},{"@type":"WebSite","@id":"https:\/\/chefurbanfood.com\/#website","url":"https:\/\/chefurbanfood.com\/","name":"Chef Urban - Fast Real Food","description":"Hand-cooked healthy and tasty meals. Just add water.","publisher":{"@id":"https:\/\/chefurbanfood.com\/#organization"},"potentialAction":[{"@type":"SearchAction","target":{"@type":"EntryPoint","urlTemplate":"https:\/\/chefurbanfood.com\/?s={search_term_string}"},"query-input":{"@type":"PropertyValueSpecification","valueRequired":true,"valueName":"search_term_string"}}],"inLanguage":"de"},{"@type":"Organization","@id":"https:\/\/chefurbanfood.com\/#organization","name":"Chef Urban - Fast Real Food","url":"https:\/\/chefurbanfood.com\/","logo":{"@type":"ImageObject","inLanguage":"de","@id":"https:\/\/chefurbanfood.com\/#\/schema\/logo\/image\/","url":"https:\/\/chefurbanfood.com\/wp-content\/uploads\/2023\/07\/Chef-Urban-site-ico.png","contentUrl":"https:\/\/chefurbanfood.com\/wp-content\/uploads\/2023\/07\/Chef-Urban-site-ico.png","width":501,"height":501,"caption":"Chef Urban - Fast Real Food"},"image":{"@id":"https:\/\/chefurbanfood.com\/#\/schema\/logo\/image\/"}}]}},"uagb_featured_image_src":{"full":false,"thumbnail":false,"medium":false,"medium_large":false,"large":false,"1536x1536":false,"2048x2048":false,"woocommerce_thumbnail":false,"woocommerce_single":false,"woocommerce_gallery_thumbnail":false},"uagb_author_info":{"display_name":"rainer","author_link":"https:\/\/chefurbanfood.com\/de\/author\/rainer\/"},"uagb_comment_info":0,"uagb_excerpt":"Gefriertrockene Technologie Die Wissenschaft hinter \u00fcberlegener Lebensmittelkonservierung Die Gefriertrocknung, auch bekannt als Gefriertrocknung, ist eine hochentwickelte Konservierungsmethode, bei der Lebensmitteln durch Sublimation Feuchtigkeit entzogen wird, indem Eis direkt in Dampf umgewandelt wird, ohne eine fl\u00fcssige Phase zu durchlaufen. Diese hochmoderne Technik erm\u00f6glicht es uns, Lebensmittel in ihrem nahezu urspr\u00fcnglichen Zustand zu konservieren, wobei Geschmack, Aroma&hellip;","_links":{"self":[{"href":"https:\/\/chefurbanfood.com\/de\/wp-json\/wp\/v2\/pages\/18825","targetHints":{"allow":["GET"]}}],"collection":[{"href":"https:\/\/chefurbanfood.com\/de\/wp-json\/wp\/v2\/pages"}],"about":[{"href":"https:\/\/chefurbanfood.com\/de\/wp-json\/wp\/v2\/types\/page"}],"author":[{"embeddable":true,"href":"https:\/\/chefurbanfood.com\/de\/wp-json\/wp\/v2\/users\/2"}],"replies":[{"embeddable":true,"href":"https:\/\/chefurbanfood.com\/de\/wp-json\/wp\/v2\/comments?post=18825"}],"version-history":[{"count":0,"href":"https:\/\/chefurbanfood.com\/de\/wp-json\/wp\/v2\/pages\/18825\/revisions"}],"wp:attachment":[{"href":"https:\/\/chefurbanfood.com\/de\/wp-json\/wp\/v2\/media?parent=18825"}],"curies":[{"name":"wp","href":"https:\/\/api.w.org\/{rel}","templated":true}]}}