{"id":20036,"date":"2025-05-19T13:51:45","date_gmt":"2025-05-19T10:51:45","guid":{"rendered":"https:\/\/chefurbanfood.com\/?page_id=20036"},"modified":"2025-05-19T14:32:52","modified_gmt":"2025-05-19T11:32:52","slug":"gratis-probierbox","status":"publish","type":"page","link":"https:\/\/chefurbanfood.com\/de\/gratis-probierbox\/","title":{"rendered":"Gratis Probierbox"},"content":{"rendered":"\t\t<div data-elementor-type=\"wp-page\" data-elementor-id=\"20036\" class=\"elementor elementor-20036\">\n\t\t\t\t\t\t<section class=\"elementor-section elementor-top-section elementor-element elementor-element-78pjd7i elementor-section-content-top elementor-section-boxed elementor-section-height-default elementor-section-height-default\" data-id=\"78pjd7i\" data-element_type=\"section\" data-e-type=\"section\" data-settings=\"{&quot;background_background&quot;:&quot;classic&quot;}\">\n\t\t\t\t\t\t\t<div class=\"elementor-background-overlay\"><\/div>\n\t\t\t\t\t\t\t<div class=\"elementor-container elementor-column-gap-no\">\n\t\t\t\t\t<div class=\"elementor-column elementor-col-100 elementor-top-column elementor-element elementor-element-36e7ccd\" data-id=\"36e7ccd\" data-element_type=\"column\" data-e-type=\"column\">\n\t\t\t<div class=\"elementor-widget-wrap elementor-element-populated\">\n\t\t\t\t\t\t<div class=\"elementor-element elementor-element-febb385 elementor-widget elementor-widget-heading\" data-id=\"febb385\" data-element_type=\"widget\" data-e-type=\"widget\" data-widget_type=\"heading.default\">\n\t\t\t\t<div class=\"elementor-widget-container\">\n\t\t\t\t\t<h2 class=\"elementor-heading-title elementor-size-default\">Gratis-Probierbox<br>f\u00fcr dein Unternehmen<\/h2>\t\t\t\t<\/div>\n\t\t\t\t<\/div>\n\t\t\t\t<div class=\"elementor-element elementor-element-e729a4a elementor-widget elementor-widget-heading\" data-id=\"e729a4a\" data-element_type=\"widget\" data-e-type=\"widget\" data-widget_type=\"heading.default\">\n\t\t\t\t<div class=\"elementor-widget-container\">\n\t\t\t\t\t<h5 class=\"elementor-heading-title elementor-size-default\">W\u00fcrden Sie sich \u00fcber Chef Urban an Ihrem Arbeitsplatz freuen?\nTeilen Sie uns den richtigen Kontakt in Ihrem Unternehmen mit \u2013 wir k\u00fcmmern uns um den Rest.\n\n<\/h5>\t\t\t\t<\/div>\n\t\t\t\t<\/div>\n\t\t\t\t<div class=\"elementor-element elementor-element-610fe6f elementor-widget elementor-widget-text-editor\" data-id=\"610fe6f\" data-element_type=\"widget\" data-e-type=\"widget\" data-widget_type=\"text-editor.default\">\n\t\t\t\t<div class=\"elementor-widget-container\">\n\t\t\t\t\t\t\t\t\t<div class='fluentform ff-default fluentform_wrapper_10 ffs_default_wrap'><form data-form_id=\"10\" id=\"fluentform_10\" class=\"frm-fluent-form fluent_form_10 ff-el-form-top ff_form_instance_10_1 ff-form-loading ff_has_v3_recptcha ffs_default\" data-form_instance=\"ff_form_instance_10_1\" method=\"POST\" data-recptcha_key=\"6LdOkowrAAAAAIY_xVB_ZFMaKelqdCwGcuXKt4xo\" ><fieldset  style=\"border: none!important;margin: 0!important;padding: 0!important;background-color: transparent!important;box-shadow: none!important;outline: none!important; min-inline-size: 100%;\">\n                    <legend class=\"ff_screen_reader_title\" style=\"display: block; margin: 0!important;padding: 0!important;height: 0!important;text-indent: -999999px;width: 0!important;overflow:hidden;\">GRATIS-BOX ANFORDERN (de) (#10)<\/legend>        <div\n                style=\"display: none!important; position: absolute!important; transform: translateX(1000%)!important;\"\n                class=\"ff-el-group ff-hpsf-container\"\n        >\n            <div class=\"ff-el-input--label asterisk-right\">\n                <label for=\"ff_10_item_sf\" aria-label=\"Subscribe\">\n                    Subscribe                <\/label>\n            <\/div>\n            <div class=\"ff-el-input--content\">\n                <input type=\"text\"\n                       name=\"item_10__fluent_sf\"\n                       class=\"ff-el-form-control\"\n                       id=\"ff_10_item_sf\"\n                \/>\n            <\/div>\n        <\/div>\n        <input type='hidden' name='__fluent_form_embded_post_id' value='20036' \/><input type=\"hidden\" id=\"_fluentform_10_fluentformnonce\" name=\"_fluentform_10_fluentformnonce\" value=\"b5732c1927\" \/><input type=\"hidden\" name=\"_wp_http_referer\" value=\"\/de\/wp-json\/wp\/v2\/pages\/20036\" \/><div class='ff-el-group ff-el-form-hide_label'><div class=\"ff-el-input--label ff-el-is-required asterisk-right\"><label for='ff_10_input_text_1' id='label_ff_10_input_text_1' aria-label=\"Company\">Company<\/label><\/div><div class='ff-el-input--content'><input type=\"text\" name=\"input_text_1\" class=\"ff-el-form-control\" placeholder=\"UNTERNEHMEN *\" data-name=\"input_text_1\" tabindex=\"1\" id=\"ff_10_input_text_1\"  aria-invalid=\"false\" aria-required=true><\/div><\/div><div class='ff-el-group ff-el-form-hide_label'><div class=\"ff-el-input--label ff-el-is-required asterisk-right\"><label for='ff_10_input_text' id='label_ff_10_input_text' aria-label=\"Name\">Name<\/label><\/div><div class='ff-el-input--content'><input type=\"text\" name=\"input_text\" class=\"ff-el-form-control\" placeholder=\"NAME *\" data-name=\"input_text\" tabindex=\"2\" id=\"ff_10_input_text\"  aria-invalid=\"false\" aria-required=true><\/div><\/div><div class='ff-el-group ff-el-form-hide_label'><div class=\"ff-el-input--label ff-el-is-required asterisk-right\"><label for='ff_10_email' id='label_ff_10_email' aria-label=\"Email\">Email<\/label><\/div><div class='ff-el-input--content'><input type=\"email\" name=\"email\" id=\"ff_10_email\" class=\"ff-el-form-control\" placeholder=\"EMAIL *\" data-name=\"email\" tabindex=\"3\"  aria-invalid=\"false\" aria-required=true><\/div><\/div><div class='ff-el-group ff-el-form-hide_label'><div class=\"ff-el-input--label asterisk-right\"><label for='ff_10_input_text_2' id='label_ff_10_input_text_2' aria-label=\"Phone\">Phone<\/label><\/div><div class='ff-el-input--content'><input type=\"text\" name=\"input_text_2\" class=\"ff-el-form-control\" placeholder=\"TELEFON\" data-name=\"input_text_2\" tabindex=\"4\" id=\"ff_10_input_text_2\"  aria-invalid=\"false\" aria-required=false><\/div><\/div><div class='ff-el-group'><div class='ff-el-input--content'><textarea aria-required=\"false\" aria-labelledby=\"label_ff_10_message\" name=\"message\" id=\"ff_10_message\" class=\"ff-el-form-control\" placeholder=\"Wir interessieren uns f\u00fcr eine kostenlose Probierbox von Chef Urban.\" rows=\"4\" cols=\"2\" data-name=\"message\" tabindex=\"5\" ><\/textarea><\/div><\/div><div class='ff-el-group    ff-el-input--content'><div class='ff-el-form-check ff-el-tc'><label aria-label='Terms and Conditions: Ich stimme der Datenschutzerkl\u00e4rung von chefurbanfood.com zu. Contains 1 link. Use tab navigation to review.' class='ff-el-form-check-label ff_tc_label' for=gdpr-agreement_9a1570b1a9dc8e97a6808be87e0ce09c><span class='ff_tc_checkbox'><input type=\"checkbox\" name=\"gdpr-agreement\" class=\"ff-el-form-check-input ff_gdpr_field\" data-name=\"gdpr-agreement\" id=\"gdpr-agreement_9a1570b1a9dc8e97a6808be87e0ce09c\" tabindex=\"6\"  value='on' aria-invalid='false' aria-required=true><\/span> <div class='ff_t_c'>Ich stimme der <a href=\"https:\/\/chefurbanfood.com\/de\/datenschutzerklaerung\" target=\"_blank\" rel=\"noopener\">Datenschutzerkl\u00e4rung<\/a> von chefurbanfood.com zu.<\/div><\/label><\/div><\/div><div class='ff-el-group ff-text-left ff_submit_btn_wrapper'><button type=\"submit\" class=\"ff-btn ff-btn-submit ff-btn-md ff_btn_no_style\" tabindex=\"7\"  aria-label=\"GRATIS-BOX ANFORDERN\">GRATIS-BOX ANFORDERN<\/button><\/div><\/fieldset><\/form><div id='fluentform_10_errors' class='ff-errors-in-stack ff_form_instance_10_1 ff-form-loading_errors ff_form_instance_10_1_errors'><\/div><\/div>            <script type=\"text\/javascript\">\n                window.fluent_form_ff_form_instance_10_1 = {\"id\":\"10\",\"ajaxUrl\":\"https:\\\/\\\/chefurbanfood.com\\\/wp-admin\\\/admin-ajax.php\",\"settings\":{\"layout\":{\"labelPlacement\":\"top\",\"helpMessagePlacement\":\"with_label\",\"errorMessagePlacement\":\"inline\",\"cssClassName\":\"\",\"asteriskPlacement\":\"asterisk-right\"},\"restrictions\":{\"denyEmptySubmission\":{\"enabled\":false}}},\"form_instance\":\"ff_form_instance_10_1\",\"form_id_selector\":\"fluentform_10\",\"rules\":{\"input_text_1\":{\"required\":{\"value\":true,\"message\":\"This field is required\",\"global_message\":\"This field is required\",\"global\":true}},\"input_text\":{\"required\":{\"value\":true,\"message\":\"This field is required\",\"global_message\":\"This field is required\",\"global\":true}},\"email\":{\"required\":{\"value\":true,\"message\":\"This field is required\",\"global\":false,\"global_message\":\"This field is required\"},\"email\":{\"value\":true,\"message\":\"This field must contain a valid email\",\"global\":false,\"global_message\":\"This field must contain a valid email\"}},\"input_text_2\":{\"required\":{\"value\":false,\"message\":\"This field is required\",\"global_message\":\"This field is required\",\"global\":true}},\"message\":{\"required\":{\"value\":false,\"message\":\"This field is required\",\"global\":false,\"global_message\":\"This field is required\"}},\"gdpr-agreement\":{\"required\":{\"value\":true,\"message\":\"This field is required\",\"global_message\":\"This field is required\",\"global\":true}},\"g-recaptcha-response\":[]},\"debounce_time\":300};\n                            <\/script>\n            \t\t\t\t\t\t\t\t<\/div>\n\t\t\t\t<\/div>\n\t\t\t\t\t<\/div>\n\t\t<\/div>\n\t\t\t\t\t<\/div>\n\t\t<\/section>\n\t\t\t\t<\/div>\n\t\t","protected":false},"excerpt":{"rendered":"<p>Gratis-Probierboxf\u00fcr dein Unternehmen W\u00fcrden Sie sich \u00fcber Chef Urban an Ihrem Arbeitsplatz freuen? Teilen Sie uns den richtigen Kontakt in Ihrem Unternehmen mit \u2013 wir k\u00fcmmern uns um den Rest.<\/p>\n","protected":false},"author":2,"featured_media":0,"parent":0,"menu_order":0,"comment_status":"closed","ping_status":"closed","template":"","meta":{"_acf_changed":false,"_uag_custom_page_level_css":"","site-sidebar-layout":"no-sidebar","site-content-layout":"page-builder","ast-site-content-layout":"default","site-content-style":"default","site-sidebar-style":"default","ast-global-header-display":"","ast-banner-title-visibility":"","ast-main-header-display":"","ast-hfb-above-header-display":"","ast-hfb-below-header-display":"","ast-hfb-mobile-header-display":"","site-post-title":"disabled","ast-breadcrumbs-content":"disabled","ast-featured-img":"disabled","footer-sml-layout":"","ast-disable-related-posts":"","theme-transparent-header-meta":"default","adv-header-id-meta":"","stick-header-meta":"","header-above-stick-meta":"","header-main-stick-meta":"","header-below-stick-meta":"","astra-migrate-meta-layouts":"default","ast-page-background-enabled":"default","ast-page-background-meta":{"desktop":{"background-color":"var(--ast-global-color-4)","background-image":"","background-repeat":"repeat","background-position":"center center","background-size":"auto","background-attachment":"scroll","background-type":"","background-media":"","overlay-type":"","overlay-color":"","overlay-opacity":"","overlay-gradient":""},"tablet":{"background-color":"","background-image":"","background-repeat":"repeat","background-position":"center center","background-size":"auto","background-attachment":"scroll","background-type":"","background-media":"","overlay-type":"","overlay-color":"","overlay-opacity":"","overlay-gradient":""},"mobile":{"background-color":"","background-image":"","background-repeat":"repeat","background-position":"center center","background-size":"auto","background-attachment":"scroll","background-type":"","background-media":"","overlay-type":"","overlay-color":"","overlay-opacity":"","overlay-gradient":""}},"ast-content-background-meta":{"desktop":{"background-color":"var(--ast-global-color-5)","background-image":"","background-repeat":"repeat","background-position":"center center","background-size":"auto","background-attachment":"scroll","background-type":"","background-media":"","overlay-type":"","overlay-color":"","overlay-opacity":"","overlay-gradient":""},"tablet":{"background-color":"var(--ast-global-color-5)","background-image":"","background-repeat":"repeat","background-position":"center center","background-size":"auto","background-attachment":"scroll","background-type":"","background-media":"","overlay-type":"","overlay-color":"","overlay-opacity":"","overlay-gradient":""},"mobile":{"background-color":"var(--ast-global-color-5)","background-image":"","background-repeat":"repeat","background-position":"center center","background-size":"auto","background-attachment":"scroll","background-type":"","background-media":"","overlay-type":"","overlay-color":"","overlay-opacity":"","overlay-gradient":""}},"footnotes":""},"class_list":["post-20036","page","type-page","status-publish","hentry"],"acf":[],"yoast_head":"<!-- This site is optimized with the Yoast SEO plugin v27.5 - https:\/\/yoast.com\/product\/yoast-seo-wordpress\/ -->\n<title>Gratis Probierbox - Chef Urban<\/title>\n<meta name=\"robots\" content=\"index, follow, max-snippet:-1, max-image-preview:large, max-video-preview:-1\" \/>\n<link rel=\"canonical\" href=\"https:\/\/chefurbanfood.com\/de\/gratis-probierbox\/\" \/>\n<meta property=\"og:locale\" content=\"de_DE\" \/>\n<meta property=\"og:type\" content=\"article\" \/>\n<meta property=\"og:title\" content=\"Gratis Probierbox - Chef Urban\" \/>\n<meta property=\"og:description\" content=\"Gratis-Probierboxf\u00fcr dein Unternehmen W\u00fcrden Sie sich \u00fcber Chef Urban an Ihrem Arbeitsplatz freuen? Teilen Sie uns den richtigen Kontakt in Ihrem Unternehmen mit \u2013 wir k\u00fcmmern uns um den Rest.\" \/>\n<meta property=\"og:url\" content=\"https:\/\/chefurbanfood.com\/de\/gratis-probierbox\/\" \/>\n<meta property=\"og:site_name\" content=\"Chef Urban\" \/>\n<meta property=\"article:modified_time\" content=\"2025-05-19T11:32:52+00:00\" \/>\n<meta property=\"og:image\" content=\"https:\/\/chefurbanfood.com\/wp-content\/uploads\/2024\/07\/Cooking_The_Fast_Real_Food_Revolution_img.jpg\" \/>\n\t<meta property=\"og:image:width\" content=\"1600\" \/>\n\t<meta property=\"og:image:height\" content=\"897\" \/>\n\t<meta property=\"og:image:type\" content=\"image\/jpeg\" \/>\n<meta name=\"twitter:card\" content=\"summary_large_image\" \/>\n<meta name=\"twitter:label1\" content=\"Gesch\u00e4tzte Lesezeit\" \/>\n\t<meta name=\"twitter:data1\" content=\"1\u00a0Minute\" \/>\n<script type=\"application\/ld+json\" class=\"yoast-schema-graph\">{\"@context\":\"https:\\\/\\\/schema.org\",\"@graph\":[{\"@type\":\"WebPage\",\"@id\":\"https:\\\/\\\/chefurbanfood.com\\\/de\\\/gratis-probierbox\\\/\",\"url\":\"https:\\\/\\\/chefurbanfood.com\\\/de\\\/gratis-probierbox\\\/\",\"name\":\"Gratis Probierbox - Chef Urban\",\"isPartOf\":{\"@id\":\"https:\\\/\\\/chefurbanfood.com\\\/#website\"},\"datePublished\":\"2025-05-19T10:51:45+00:00\",\"dateModified\":\"2025-05-19T11:32:52+00:00\",\"breadcrumb\":{\"@id\":\"https:\\\/\\\/chefurbanfood.com\\\/de\\\/gratis-probierbox\\\/#breadcrumb\"},\"inLanguage\":\"de\",\"potentialAction\":[{\"@type\":\"ReadAction\",\"target\":[\"https:\\\/\\\/chefurbanfood.com\\\/de\\\/gratis-probierbox\\\/\"]}]},{\"@type\":\"BreadcrumbList\",\"@id\":\"https:\\\/\\\/chefurbanfood.com\\\/de\\\/gratis-probierbox\\\/#breadcrumb\",\"itemListElement\":[{\"@type\":\"ListItem\",\"position\":1,\"name\":\"Home\",\"item\":\"https:\\\/\\\/chefurbanfood.com\\\/\"},{\"@type\":\"ListItem\",\"position\":2,\"name\":\"Gratis Probierbox\"}]},{\"@type\":\"WebSite\",\"@id\":\"https:\\\/\\\/chefurbanfood.com\\\/#website\",\"url\":\"https:\\\/\\\/chefurbanfood.com\\\/\",\"name\":\"Chef Urban - Fast Real Food\",\"description\":\"Hand-cooked healthy and tasty meals. Just add water.\",\"publisher\":{\"@id\":\"https:\\\/\\\/chefurbanfood.com\\\/#organization\"},\"potentialAction\":[{\"@type\":\"SearchAction\",\"target\":{\"@type\":\"EntryPoint\",\"urlTemplate\":\"https:\\\/\\\/chefurbanfood.com\\\/?s={search_term_string}\"},\"query-input\":{\"@type\":\"PropertyValueSpecification\",\"valueRequired\":true,\"valueName\":\"search_term_string\"}}],\"inLanguage\":\"de\"},{\"@type\":\"Organization\",\"@id\":\"https:\\\/\\\/chefurbanfood.com\\\/#organization\",\"name\":\"Chef Urban - Fast Real Food\",\"url\":\"https:\\\/\\\/chefurbanfood.com\\\/\",\"logo\":{\"@type\":\"ImageObject\",\"inLanguage\":\"de\",\"@id\":\"https:\\\/\\\/chefurbanfood.com\\\/#\\\/schema\\\/logo\\\/image\\\/\",\"url\":\"https:\\\/\\\/chefurbanfood.com\\\/wp-content\\\/uploads\\\/2023\\\/07\\\/Chef-Urban-site-ico.png\",\"contentUrl\":\"https:\\\/\\\/chefurbanfood.com\\\/wp-content\\\/uploads\\\/2023\\\/07\\\/Chef-Urban-site-ico.png\",\"width\":501,\"height\":501,\"caption\":\"Chef Urban - Fast Real Food\"},\"image\":{\"@id\":\"https:\\\/\\\/chefurbanfood.com\\\/#\\\/schema\\\/logo\\\/image\\\/\"}}]}<\/script>\n<!-- \/ Yoast SEO plugin. -->","yoast_head_json":{"title":"Gratis Probierbox - Chef Urban","robots":{"index":"index","follow":"follow","max-snippet":"max-snippet:-1","max-image-preview":"max-image-preview:large","max-video-preview":"max-video-preview:-1"},"canonical":"https:\/\/chefurbanfood.com\/de\/gratis-probierbox\/","og_locale":"de_DE","og_type":"article","og_title":"Gratis Probierbox - Chef Urban","og_description":"Gratis-Probierboxf\u00fcr dein Unternehmen W\u00fcrden Sie sich \u00fcber Chef Urban an Ihrem Arbeitsplatz freuen? Teilen Sie uns den richtigen Kontakt in Ihrem Unternehmen mit \u2013 wir k\u00fcmmern uns um den Rest.","og_url":"https:\/\/chefurbanfood.com\/de\/gratis-probierbox\/","og_site_name":"Chef Urban","article_modified_time":"2025-05-19T11:32:52+00:00","og_image":[{"width":1600,"height":897,"url":"https:\/\/chefurbanfood.com\/wp-content\/uploads\/2024\/07\/Cooking_The_Fast_Real_Food_Revolution_img.jpg","type":"image\/jpeg"}],"twitter_card":"summary_large_image","twitter_misc":{"Gesch\u00e4tzte Lesezeit":"1\u00a0Minute"},"schema":{"@context":"https:\/\/schema.org","@graph":[{"@type":"WebPage","@id":"https:\/\/chefurbanfood.com\/de\/gratis-probierbox\/","url":"https:\/\/chefurbanfood.com\/de\/gratis-probierbox\/","name":"Gratis Probierbox - Chef Urban","isPartOf":{"@id":"https:\/\/chefurbanfood.com\/#website"},"datePublished":"2025-05-19T10:51:45+00:00","dateModified":"2025-05-19T11:32:52+00:00","breadcrumb":{"@id":"https:\/\/chefurbanfood.com\/de\/gratis-probierbox\/#breadcrumb"},"inLanguage":"de","potentialAction":[{"@type":"ReadAction","target":["https:\/\/chefurbanfood.com\/de\/gratis-probierbox\/"]}]},{"@type":"BreadcrumbList","@id":"https:\/\/chefurbanfood.com\/de\/gratis-probierbox\/#breadcrumb","itemListElement":[{"@type":"ListItem","position":1,"name":"Home","item":"https:\/\/chefurbanfood.com\/"},{"@type":"ListItem","position":2,"name":"Gratis Probierbox"}]},{"@type":"WebSite","@id":"https:\/\/chefurbanfood.com\/#website","url":"https:\/\/chefurbanfood.com\/","name":"Chef Urban - Fast Real Food","description":"Hand-cooked healthy and tasty meals. Just add water.","publisher":{"@id":"https:\/\/chefurbanfood.com\/#organization"},"potentialAction":[{"@type":"SearchAction","target":{"@type":"EntryPoint","urlTemplate":"https:\/\/chefurbanfood.com\/?s={search_term_string}"},"query-input":{"@type":"PropertyValueSpecification","valueRequired":true,"valueName":"search_term_string"}}],"inLanguage":"de"},{"@type":"Organization","@id":"https:\/\/chefurbanfood.com\/#organization","name":"Chef Urban - Fast Real Food","url":"https:\/\/chefurbanfood.com\/","logo":{"@type":"ImageObject","inLanguage":"de","@id":"https:\/\/chefurbanfood.com\/#\/schema\/logo\/image\/","url":"https:\/\/chefurbanfood.com\/wp-content\/uploads\/2023\/07\/Chef-Urban-site-ico.png","contentUrl":"https:\/\/chefurbanfood.com\/wp-content\/uploads\/2023\/07\/Chef-Urban-site-ico.png","width":501,"height":501,"caption":"Chef Urban - Fast Real Food"},"image":{"@id":"https:\/\/chefurbanfood.com\/#\/schema\/logo\/image\/"}}]}},"uagb_featured_image_src":{"full":false,"thumbnail":false,"medium":false,"medium_large":false,"large":false,"1536x1536":false,"2048x2048":false,"woocommerce_thumbnail":false,"woocommerce_single":false,"woocommerce_gallery_thumbnail":false},"uagb_author_info":{"display_name":"rainer","author_link":"https:\/\/chefurbanfood.com\/de\/author\/rainer\/"},"uagb_comment_info":0,"uagb_excerpt":"Gratis-Probierboxf\u00fcr dein Unternehmen W\u00fcrden Sie sich \u00fcber Chef Urban an Ihrem Arbeitsplatz freuen? Teilen Sie uns den richtigen Kontakt in Ihrem Unternehmen mit \u2013 wir k\u00fcmmern uns um den Rest.","_links":{"self":[{"href":"https:\/\/chefurbanfood.com\/de\/wp-json\/wp\/v2\/pages\/20036","targetHints":{"allow":["GET"]}}],"collection":[{"href":"https:\/\/chefurbanfood.com\/de\/wp-json\/wp\/v2\/pages"}],"about":[{"href":"https:\/\/chefurbanfood.com\/de\/wp-json\/wp\/v2\/types\/page"}],"author":[{"embeddable":true,"href":"https:\/\/chefurbanfood.com\/de\/wp-json\/wp\/v2\/users\/2"}],"replies":[{"embeddable":true,"href":"https:\/\/chefurbanfood.com\/de\/wp-json\/wp\/v2\/comments?post=20036"}],"version-history":[{"count":0,"href":"https:\/\/chefurbanfood.com\/de\/wp-json\/wp\/v2\/pages\/20036\/revisions"}],"wp:attachment":[{"href":"https:\/\/chefurbanfood.com\/de\/wp-json\/wp\/v2\/media?parent=20036"}],"curies":[{"name":"wp","href":"https:\/\/api.w.org\/{rel}","templated":true}]}}