{"id":20213,"date":"2024-07-04T11:05:42","date_gmt":"2024-07-04T08:05:42","guid":{"rendered":"https:\/\/chefurbanfood.com\/impressum\/"},"modified":"2025-06-18T12:12:12","modified_gmt":"2025-06-18T09:12:12","slug":"impressum","status":"publish","type":"page","link":"https:\/\/chefurbanfood.com\/de\/impressum\/","title":{"rendered":"Impressum"},"content":{"rendered":"\t\t<div data-elementor-type=\"wp-page\" data-elementor-id=\"20213\" class=\"elementor elementor-20213 elementor-16873\">\n\t\t\t\t\t\t<section class=\"elementor-section elementor-top-section elementor-element elementor-element-a2cfbe7 elementor-section-content-top elementor-section-boxed elementor-section-height-default elementor-section-height-default\" data-id=\"a2cfbe7\" data-element_type=\"section\" data-e-type=\"section\" data-settings=\"{&quot;background_background&quot;:&quot;classic&quot;}\">\n\t\t\t\t\t\t\t<div class=\"elementor-background-overlay\"><\/div>\n\t\t\t\t\t\t\t<div class=\"elementor-container elementor-column-gap-no\">\n\t\t\t\t\t<div class=\"elementor-column elementor-col-100 elementor-top-column elementor-element elementor-element-9dc67c9\" data-id=\"9dc67c9\" data-element_type=\"column\" data-e-type=\"column\" data-settings=\"{&quot;background_background&quot;:&quot;classic&quot;}\">\n\t\t\t<div class=\"elementor-widget-wrap elementor-element-populated\">\n\t\t\t\t\t<div class=\"elementor-background-overlay\"><\/div>\n\t\t\t\t\t\t<div class=\"elementor-element elementor-element-affc892 elementor-widget elementor-widget-text-editor\" data-id=\"affc892\" data-element_type=\"widget\" data-e-type=\"widget\" data-widget_type=\"text-editor.default\">\n\t\t\t\t<div class=\"elementor-widget-container\">\n\t\t\t\t\t\t\t\t\t<h5><strong><span style=\"color: #ffffff;\">Impressum<\/span><\/strong><\/h5>\t\t\t\t\t\t\t\t<\/div>\n\t\t\t\t<\/div>\n\t\t\t\t\t<\/div>\n\t\t<\/div>\n\t\t\t\t\t<\/div>\n\t\t<\/section>\n\t\t\t\t<section class=\"elementor-section elementor-top-section elementor-element elementor-element-ff02e2d elementor-section-content-top elementor-section-boxed elementor-section-height-default elementor-section-height-default\" data-id=\"ff02e2d\" data-element_type=\"section\" data-e-type=\"section\" data-settings=\"{&quot;background_background&quot;:&quot;classic&quot;}\">\n\t\t\t\t\t\t\t<div class=\"elementor-background-overlay\"><\/div>\n\t\t\t\t\t\t\t<div class=\"elementor-container elementor-column-gap-no\">\n\t\t\t\t\t<div class=\"elementor-column elementor-col-100 elementor-top-column elementor-element elementor-element-3998233\" data-id=\"3998233\" data-element_type=\"column\" data-e-type=\"column\" data-settings=\"{&quot;background_background&quot;:&quot;classic&quot;}\">\n\t\t\t<div class=\"elementor-widget-wrap elementor-element-populated\">\n\t\t\t\t\t<div class=\"elementor-background-overlay\"><\/div>\n\t\t\t\t\t\t<div class=\"elementor-element elementor-element-0b7ca13 elementor-widget elementor-widget-text-editor\" data-id=\"0b7ca13\" data-element_type=\"widget\" data-e-type=\"widget\" data-widget_type=\"text-editor.default\">\n\t\t\t\t<div class=\"elementor-widget-container\">\n\t\t\t\t\t\t\t\t\t<h6><strong>Angaben gem\u00e4\u00df \u00a7 5 TMG<\/strong><\/h6><h6>Tactical Solutions GmbH<br>Siemensstra\u00dfe 40<br>40721 Hilden, Deutschland<br>email: info@tacticalsolutionsglobal.de<\/h6><h6><strong>Eintragung<\/strong><\/h6><h6>Register: Amtsgericht D\u00fcsseldorf<br>Registernummer: HRB 101936<\/h6><h6><strong>Umsatzsteuer-Identifikationsnummer<\/strong><\/h6><h6>DE354232886<\/h6><h6><strong>Vertretungsberechtigte Personen<\/strong><\/h6><h6>Sverre Puustusmaa, <span data-olk-copy-source=\"MessageBody\">Gesch\u00e4ftsf\u00fchrer<\/span><\/h6><h6><strong>Berufshaftpflichtversicherung<\/strong><\/h6><h6>Allianz Versicherung-AG<br>K\u00f6niginstr. 28 80802 M\u00fcnchen<br>R\u00e4umliche Geltung: Deutschland <\/h6><h6><strong>Online-Streitbeilegung<\/strong><\/h6><h6>Die Europ\u00e4ische Kommission stellt eine Plattform zur Online-Streitbeilegung (OS) bereit, die Sie unter http:\/\/ec.europa.eu\/consumers\/odr\/ finden.<\/h6><h6>Wir sind nicht bereit und nicht verpflichtet, an einem Streitbeilegungsverfahren vor einer Verbraucherstreitschlichtungsstelle teilzunehmen.<\/h6><h6><strong>G\u00fcltigkeit<\/strong><\/h6><h6>Dieses Impressum gilt ab dem 18. September 2023. <\/h6>\t\t\t\t\t\t\t\t<\/div>\n\t\t\t\t<\/div>\n\t\t\t\t\t<\/div>\n\t\t<\/div>\n\t\t\t\t\t<\/div>\n\t\t<\/section>\n\t\t\t\t<\/div>\n\t\t","protected":false},"excerpt":{"rendered":"<p>Impressum Angaben gem\u00e4\u00df \u00a7 5 TMG Tactical Solutions GmbHSiemensstra\u00dfe 4040721 Hilden, Deutschlandemail: info@tacticalsolutionsglobal.de Eintragung Register: Amtsgericht D\u00fcsseldorfRegisternummer: HRB 101936 Umsatzsteuer-Identifikationsnummer DE354232886 Vertretungsberechtigte Personen Sverre Puustusmaa, Gesch\u00e4ftsf\u00fchrer Berufshaftpflichtversicherung Allianz Versicherung-AGK\u00f6niginstr. 28 80802 M\u00fcnchenR\u00e4umliche Geltung: Deutschland Online-Streitbeilegung Die Europ\u00e4ische Kommission stellt eine Plattform zur Online-Streitbeilegung (OS) bereit, die Sie unter http:\/\/ec.europa.eu\/consumers\/odr\/ finden. Wir sind nicht bereit und [&hellip;]<\/p>\n","protected":false},"author":2,"featured_media":0,"parent":0,"menu_order":0,"comment_status":"closed","ping_status":"closed","template":"","meta":{"_acf_changed":false,"_uag_custom_page_level_css":"","site-sidebar-layout":"no-sidebar","site-content-layout":"page-builder","ast-site-content-layout":"full-width-container","site-content-style":"unboxed","site-sidebar-style":"unboxed","ast-global-header-display":"","ast-banner-title-visibility":"","ast-main-header-display":"","ast-hfb-above-header-display":"","ast-hfb-below-header-display":"","ast-hfb-mobile-header-display":"","site-post-title":"disabled","ast-breadcrumbs-content":"disabled","ast-featured-img":"disabled","footer-sml-layout":"","ast-disable-related-posts":"","theme-transparent-header-meta":"default","adv-header-id-meta":"","stick-header-meta":"","header-above-stick-meta":"","header-main-stick-meta":"","header-below-stick-meta":"","astra-migrate-meta-layouts":"default","ast-page-background-enabled":"default","ast-page-background-meta":{"desktop":{"background-color":"var(--ast-global-color-4)","background-image":"","background-repeat":"repeat","background-position":"center center","background-size":"auto","background-attachment":"scroll","background-type":"","background-media":"","overlay-type":"","overlay-color":"","overlay-opacity":"","overlay-gradient":""},"tablet":{"background-color":"","background-image":"","background-repeat":"repeat","background-position":"center center","background-size":"auto","background-attachment":"scroll","background-type":"","background-media":"","overlay-type":"","overlay-color":"","overlay-opacity":"","overlay-gradient":""},"mobile":{"background-color":"","background-image":"","background-repeat":"repeat","background-position":"center center","background-size":"auto","background-attachment":"scroll","background-type":"","background-media":"","overlay-type":"","overlay-color":"","overlay-opacity":"","overlay-gradient":""}},"ast-content-background-meta":{"desktop":{"background-color":"var(--ast-global-color-5)","background-image":"","background-repeat":"repeat","background-position":"center center","background-size":"auto","background-attachment":"scroll","background-type":"","background-media":"","overlay-type":"","overlay-color":"","overlay-opacity":"","overlay-gradient":""},"tablet":{"background-color":"var(--ast-global-color-5)","background-image":"","background-repeat":"repeat","background-position":"center center","background-size":"auto","background-attachment":"scroll","background-type":"","background-media":"","overlay-type":"","overlay-color":"","overlay-opacity":"","overlay-gradient":""},"mobile":{"background-color":"var(--ast-global-color-5)","background-image":"","background-repeat":"repeat","background-position":"center center","background-size":"auto","background-attachment":"scroll","background-type":"","background-media":"","overlay-type":"","overlay-color":"","overlay-opacity":"","overlay-gradient":""}},"footnotes":""},"class_list":["post-20213","page","type-page","status-publish","hentry"],"acf":[],"yoast_head":"<!-- This site is optimized with the Yoast SEO plugin v27.5 - https:\/\/yoast.com\/product\/yoast-seo-wordpress\/ -->\n<title>Impressum - Chef Urban<\/title>\n<meta name=\"robots\" content=\"index, follow, max-snippet:-1, max-image-preview:large, max-video-preview:-1\" \/>\n<link rel=\"canonical\" href=\"https:\/\/chefurbanfood.com\/de\/impressum\/\" \/>\n<meta property=\"og:locale\" content=\"de_DE\" \/>\n<meta property=\"og:type\" content=\"article\" \/>\n<meta property=\"og:title\" content=\"Impressum - Chef Urban\" \/>\n<meta property=\"og:description\" content=\"Impressum Angaben gem\u00e4\u00df \u00a7 5 TMG Tactical Solutions GmbHSiemensstra\u00dfe 4040721 Hilden, Deutschlandemail: info@tacticalsolutionsglobal.de Eintragung Register: Amtsgericht D\u00fcsseldorfRegisternummer: HRB 101936 Umsatzsteuer-Identifikationsnummer DE354232886 Vertretungsberechtigte Personen Sverre Puustusmaa, Gesch\u00e4ftsf\u00fchrer Berufshaftpflichtversicherung Allianz Versicherung-AGK\u00f6niginstr. 28 80802 M\u00fcnchenR\u00e4umliche Geltung: Deutschland Online-Streitbeilegung Die Europ\u00e4ische Kommission stellt eine Plattform zur Online-Streitbeilegung (OS) bereit, die Sie unter http:\/\/ec.europa.eu\/consumers\/odr\/ finden. Wir sind nicht bereit und [&hellip;]\" \/>\n<meta property=\"og:url\" content=\"https:\/\/chefurbanfood.com\/de\/impressum\/\" \/>\n<meta property=\"og:site_name\" content=\"Chef Urban\" \/>\n<meta property=\"article:modified_time\" content=\"2025-06-18T09:12:12+00:00\" \/>\n<meta property=\"og:image\" content=\"https:\/\/chefurbanfood.com\/wp-content\/uploads\/2024\/07\/Cooking_The_Fast_Real_Food_Revolution_img.jpg\" \/>\n\t<meta property=\"og:image:width\" content=\"1600\" \/>\n\t<meta property=\"og:image:height\" content=\"897\" \/>\n\t<meta property=\"og:image:type\" content=\"image\/jpeg\" \/>\n<meta name=\"twitter:card\" content=\"summary_large_image\" \/>\n<script type=\"application\/ld+json\" class=\"yoast-schema-graph\">{\"@context\":\"https:\\\/\\\/schema.org\",\"@graph\":[{\"@type\":\"WebPage\",\"@id\":\"https:\\\/\\\/chefurbanfood.com\\\/de\\\/impressum\\\/\",\"url\":\"https:\\\/\\\/chefurbanfood.com\\\/de\\\/impressum\\\/\",\"name\":\"Impressum - Chef Urban\",\"isPartOf\":{\"@id\":\"https:\\\/\\\/chefurbanfood.com\\\/#website\"},\"datePublished\":\"2024-07-04T08:05:42+00:00\",\"dateModified\":\"2025-06-18T09:12:12+00:00\",\"breadcrumb\":{\"@id\":\"https:\\\/\\\/chefurbanfood.com\\\/de\\\/impressum\\\/#breadcrumb\"},\"inLanguage\":\"de\",\"potentialAction\":[{\"@type\":\"ReadAction\",\"target\":[\"https:\\\/\\\/chefurbanfood.com\\\/de\\\/impressum\\\/\"]}]},{\"@type\":\"BreadcrumbList\",\"@id\":\"https:\\\/\\\/chefurbanfood.com\\\/de\\\/impressum\\\/#breadcrumb\",\"itemListElement\":[{\"@type\":\"ListItem\",\"position\":1,\"name\":\"Home\",\"item\":\"https:\\\/\\\/chefurbanfood.com\\\/\"},{\"@type\":\"ListItem\",\"position\":2,\"name\":\"Impressum\"}]},{\"@type\":\"WebSite\",\"@id\":\"https:\\\/\\\/chefurbanfood.com\\\/#website\",\"url\":\"https:\\\/\\\/chefurbanfood.com\\\/\",\"name\":\"Chef Urban - Fast Real Food\",\"description\":\"Hand-cooked healthy and tasty meals. Just add water.\",\"publisher\":{\"@id\":\"https:\\\/\\\/chefurbanfood.com\\\/#organization\"},\"potentialAction\":[{\"@type\":\"SearchAction\",\"target\":{\"@type\":\"EntryPoint\",\"urlTemplate\":\"https:\\\/\\\/chefurbanfood.com\\\/?s={search_term_string}\"},\"query-input\":{\"@type\":\"PropertyValueSpecification\",\"valueRequired\":true,\"valueName\":\"search_term_string\"}}],\"inLanguage\":\"de\"},{\"@type\":\"Organization\",\"@id\":\"https:\\\/\\\/chefurbanfood.com\\\/#organization\",\"name\":\"Chef Urban - Fast Real Food\",\"url\":\"https:\\\/\\\/chefurbanfood.com\\\/\",\"logo\":{\"@type\":\"ImageObject\",\"inLanguage\":\"de\",\"@id\":\"https:\\\/\\\/chefurbanfood.com\\\/#\\\/schema\\\/logo\\\/image\\\/\",\"url\":\"https:\\\/\\\/chefurbanfood.com\\\/wp-content\\\/uploads\\\/2023\\\/07\\\/Chef-Urban-site-ico.png\",\"contentUrl\":\"https:\\\/\\\/chefurbanfood.com\\\/wp-content\\\/uploads\\\/2023\\\/07\\\/Chef-Urban-site-ico.png\",\"width\":501,\"height\":501,\"caption\":\"Chef Urban - Fast Real Food\"},\"image\":{\"@id\":\"https:\\\/\\\/chefurbanfood.com\\\/#\\\/schema\\\/logo\\\/image\\\/\"}}]}<\/script>\n<!-- \/ Yoast SEO plugin. -->","yoast_head_json":{"title":"Impressum - Chef Urban","robots":{"index":"index","follow":"follow","max-snippet":"max-snippet:-1","max-image-preview":"max-image-preview:large","max-video-preview":"max-video-preview:-1"},"canonical":"https:\/\/chefurbanfood.com\/de\/impressum\/","og_locale":"de_DE","og_type":"article","og_title":"Impressum - Chef Urban","og_description":"Impressum Angaben gem\u00e4\u00df \u00a7 5 TMG Tactical Solutions GmbHSiemensstra\u00dfe 4040721 Hilden, Deutschlandemail: info@tacticalsolutionsglobal.de Eintragung Register: Amtsgericht D\u00fcsseldorfRegisternummer: HRB 101936 Umsatzsteuer-Identifikationsnummer DE354232886 Vertretungsberechtigte Personen Sverre Puustusmaa, Gesch\u00e4ftsf\u00fchrer Berufshaftpflichtversicherung Allianz Versicherung-AGK\u00f6niginstr. 28 80802 M\u00fcnchenR\u00e4umliche Geltung: Deutschland Online-Streitbeilegung Die Europ\u00e4ische Kommission stellt eine Plattform zur Online-Streitbeilegung (OS) bereit, die Sie unter http:\/\/ec.europa.eu\/consumers\/odr\/ finden. Wir sind nicht bereit und [&hellip;]","og_url":"https:\/\/chefurbanfood.com\/de\/impressum\/","og_site_name":"Chef Urban","article_modified_time":"2025-06-18T09:12:12+00:00","og_image":[{"width":1600,"height":897,"url":"https:\/\/chefurbanfood.com\/wp-content\/uploads\/2024\/07\/Cooking_The_Fast_Real_Food_Revolution_img.jpg","type":"image\/jpeg"}],"twitter_card":"summary_large_image","schema":{"@context":"https:\/\/schema.org","@graph":[{"@type":"WebPage","@id":"https:\/\/chefurbanfood.com\/de\/impressum\/","url":"https:\/\/chefurbanfood.com\/de\/impressum\/","name":"Impressum - Chef Urban","isPartOf":{"@id":"https:\/\/chefurbanfood.com\/#website"},"datePublished":"2024-07-04T08:05:42+00:00","dateModified":"2025-06-18T09:12:12+00:00","breadcrumb":{"@id":"https:\/\/chefurbanfood.com\/de\/impressum\/#breadcrumb"},"inLanguage":"de","potentialAction":[{"@type":"ReadAction","target":["https:\/\/chefurbanfood.com\/de\/impressum\/"]}]},{"@type":"BreadcrumbList","@id":"https:\/\/chefurbanfood.com\/de\/impressum\/#breadcrumb","itemListElement":[{"@type":"ListItem","position":1,"name":"Home","item":"https:\/\/chefurbanfood.com\/"},{"@type":"ListItem","position":2,"name":"Impressum"}]},{"@type":"WebSite","@id":"https:\/\/chefurbanfood.com\/#website","url":"https:\/\/chefurbanfood.com\/","name":"Chef Urban - Fast Real Food","description":"Hand-cooked healthy and tasty meals. Just add water.","publisher":{"@id":"https:\/\/chefurbanfood.com\/#organization"},"potentialAction":[{"@type":"SearchAction","target":{"@type":"EntryPoint","urlTemplate":"https:\/\/chefurbanfood.com\/?s={search_term_string}"},"query-input":{"@type":"PropertyValueSpecification","valueRequired":true,"valueName":"search_term_string"}}],"inLanguage":"de"},{"@type":"Organization","@id":"https:\/\/chefurbanfood.com\/#organization","name":"Chef Urban - Fast Real Food","url":"https:\/\/chefurbanfood.com\/","logo":{"@type":"ImageObject","inLanguage":"de","@id":"https:\/\/chefurbanfood.com\/#\/schema\/logo\/image\/","url":"https:\/\/chefurbanfood.com\/wp-content\/uploads\/2023\/07\/Chef-Urban-site-ico.png","contentUrl":"https:\/\/chefurbanfood.com\/wp-content\/uploads\/2023\/07\/Chef-Urban-site-ico.png","width":501,"height":501,"caption":"Chef Urban - Fast Real Food"},"image":{"@id":"https:\/\/chefurbanfood.com\/#\/schema\/logo\/image\/"}}]}},"uagb_featured_image_src":{"full":false,"thumbnail":false,"medium":false,"medium_large":false,"large":false,"1536x1536":false,"2048x2048":false,"woocommerce_thumbnail":false,"woocommerce_single":false,"woocommerce_gallery_thumbnail":false},"uagb_author_info":{"display_name":"rainer","author_link":"https:\/\/chefurbanfood.com\/de\/author\/rainer\/"},"uagb_comment_info":0,"uagb_excerpt":"Impressum Angaben gem\u00e4\u00df \u00a7 5 TMG Tactical Solutions GmbHSiemensstra\u00dfe 4040721 Hilden, Deutschlandemail: info@tacticalsolutionsglobal.de Eintragung Register: Amtsgericht D\u00fcsseldorfRegisternummer: HRB 101936 Umsatzsteuer-Identifikationsnummer DE354232886 Vertretungsberechtigte Personen Sverre Puustusmaa, Gesch\u00e4ftsf\u00fchrer Berufshaftpflichtversicherung Allianz Versicherung-AGK\u00f6niginstr. 28 80802 M\u00fcnchenR\u00e4umliche Geltung: Deutschland Online-Streitbeilegung Die Europ\u00e4ische Kommission stellt eine Plattform zur Online-Streitbeilegung (OS) bereit, die Sie unter http:\/\/ec.europa.eu\/consumers\/odr\/ finden. Wir sind nicht bereit und&hellip;","_links":{"self":[{"href":"https:\/\/chefurbanfood.com\/de\/wp-json\/wp\/v2\/pages\/20213","targetHints":{"allow":["GET"]}}],"collection":[{"href":"https:\/\/chefurbanfood.com\/de\/wp-json\/wp\/v2\/pages"}],"about":[{"href":"https:\/\/chefurbanfood.com\/de\/wp-json\/wp\/v2\/types\/page"}],"author":[{"embeddable":true,"href":"https:\/\/chefurbanfood.com\/de\/wp-json\/wp\/v2\/users\/2"}],"replies":[{"embeddable":true,"href":"https:\/\/chefurbanfood.com\/de\/wp-json\/wp\/v2\/comments?post=20213"}],"version-history":[{"count":1,"href":"https:\/\/chefurbanfood.com\/de\/wp-json\/wp\/v2\/pages\/20213\/revisions"}],"predecessor-version":[{"id":20214,"href":"https:\/\/chefurbanfood.com\/de\/wp-json\/wp\/v2\/pages\/20213\/revisions\/20214"}],"wp:attachment":[{"href":"https:\/\/chefurbanfood.com\/de\/wp-json\/wp\/v2\/media?parent=20213"}],"curies":[{"name":"wp","href":"https:\/\/api.w.org\/{rel}","templated":true}]}}