{"id":17645,"date":"2021-08-18T03:27:19","date_gmt":"2021-08-18T00:27:19","guid":{"rendered":"https:\/\/chefurbanfood.com\/toode\/suesskartoffel-curry\/"},"modified":"2025-06-13T17:19:24","modified_gmt":"2025-06-13T14:19:24","slug":"suesskartoffel-curry","status":"publish","type":"product","link":"https:\/\/chefurbanfood.com\/de\/product\/suesskartoffel-curry\/","title":{"rendered":"S\u00fc\u00dfkartoffel-Curry"},"content":{"rendered":"\t\t<div data-elementor-type=\"wp-post\" data-elementor-id=\"17645\" class=\"elementor elementor-17645 elementor-242\">\n\t\t\t\t\t\t<section class=\"elementor-section elementor-top-section elementor-element elementor-element-5da62ab elementor-section-boxed elementor-section-height-default elementor-section-height-default\" data-id=\"5da62ab\" data-element_type=\"section\" data-e-type=\"section\">\n\t\t\t\t\t\t<div class=\"elementor-container elementor-column-gap-no\">\n\t\t\t\t\t<div class=\"elementor-column elementor-col-100 elementor-top-column elementor-element elementor-element-ec81135\" data-id=\"ec81135\" data-element_type=\"column\" data-e-type=\"column\">\n\t\t\t<div class=\"elementor-widget-wrap elementor-element-populated\">\n\t\t\t\t\t\t<div class=\"elementor-element elementor-element-581fd7d elementor-widget elementor-widget-heading\" data-id=\"581fd7d\" data-element_type=\"widget\" data-e-type=\"widget\" data-widget_type=\"heading.default\">\n\t\t\t\t<div class=\"elementor-widget-container\">\n\t\t\t\t\t<h3 class=\"elementor-heading-title elementor-size-default\">Maecenas efficitur ornare massa.  <\/h3>\t\t\t\t<\/div>\n\t\t\t\t<\/div>\n\t\t\t\t<div class=\"elementor-element elementor-element-024b8f6 elementor-widget elementor-widget-heading\" data-id=\"024b8f6\" data-element_type=\"widget\" data-e-type=\"widget\" data-widget_type=\"heading.default\">\n\t\t\t\t<div class=\"elementor-widget-container\">\n\t\t\t\t\t<h5 class=\"elementor-heading-title elementor-size-default\">Duis auctor nisl vitae purus interdum, quis congue lacus rutrum.  <\/h5>\t\t\t\t<\/div>\n\t\t\t\t<\/div>\n\t\t\t\t<div class=\"elementor-element elementor-element-5b24060 elementor-widget elementor-widget-text-editor\" data-id=\"5b24060\" data-element_type=\"widget\" data-e-type=\"widget\" data-widget_type=\"text-editor.default\">\n\t\t\t\t<div class=\"elementor-widget-container\">\n\t\t\t\t\t\t\t\t\t<p>Lorem ipsum dolor sit amet, consectetur adipiscing elit. Suspendisse ac massa eget urna tempor vehicula vel id nisi. Pellentesque sed felis auctor, molestie lectus vitae, elementum orci. In et nunc consequat, semper tellus eget, euismod quam.  <\/p>\n\t\t\t\t\t\t\t\t<\/div>\n\t\t\t\t<\/div>\n\t\t\t\t<section class=\"elementor-section elementor-inner-section elementor-element elementor-element-06f5f4b elementor-section-boxed elementor-section-height-default elementor-section-height-default\" data-id=\"06f5f4b\" data-element_type=\"section\" data-e-type=\"section\" data-settings=\"{&quot;background_background&quot;:&quot;classic&quot;}\">\n\t\t\t\t\t\t<div class=\"elementor-container elementor-column-gap-default\">\n\t\t\t\t\t<div class=\"elementor-column elementor-col-100 elementor-inner-column elementor-element elementor-element-dff8550\" data-id=\"dff8550\" data-element_type=\"column\" data-e-type=\"column\">\n\t\t\t<div class=\"elementor-widget-wrap elementor-element-populated\">\n\t\t\t\t\t\t<div class=\"elementor-element elementor-element-534b9d1 elementor-widget elementor-widget-heading\" data-id=\"534b9d1\" data-element_type=\"widget\" data-e-type=\"widget\" data-widget_type=\"heading.default\">\n\t\t\t\t<div class=\"elementor-widget-container\">\n\t\t\t\t\t<h6 class=\"elementor-heading-title elementor-size-default\">Nunc tempus<\/h6>\t\t\t\t<\/div>\n\t\t\t\t<\/div>\n\t\t\t\t<div class=\"elementor-element elementor-element-6d42f3c elementor-widget elementor-widget-heading\" data-id=\"6d42f3c\" data-element_type=\"widget\" data-e-type=\"widget\" data-widget_type=\"heading.default\">\n\t\t\t\t<div class=\"elementor-widget-container\">\n\t\t\t\t\t<h3 class=\"elementor-heading-title elementor-size-default\">Duis vel ipsum vitae est semper varius.<\/h3>\t\t\t\t<\/div>\n\t\t\t\t<\/div>\n\t\t\t\t<div class=\"elementor-element elementor-element-36d9b01 elementor-widget elementor-widget-heading\" data-id=\"36d9b01\" data-element_type=\"widget\" data-e-type=\"widget\" data-widget_type=\"heading.default\">\n\t\t\t\t<div class=\"elementor-widget-container\">\n\t\t\t\t\t<h4 class=\"elementor-heading-title elementor-size-default\">Lorem ipsum dolor sit amet, consectetur adipiscing elit.<\/h4>\t\t\t\t<\/div>\n\t\t\t\t<\/div>\n\t\t\t\t\t<\/div>\n\t\t<\/div>\n\t\t\t\t\t<\/div>\n\t\t<\/section>\n\t\t\t\t<section class=\"elementor-section elementor-inner-section elementor-element elementor-element-386460c elementor-section-boxed elementor-section-height-default elementor-section-height-default\" data-id=\"386460c\" data-element_type=\"section\" data-e-type=\"section\">\n\t\t\t\t\t\t<div class=\"elementor-container elementor-column-gap-no\">\n\t\t\t\t\t<div class=\"elementor-column elementor-col-50 elementor-inner-column elementor-element elementor-element-9271f53\" data-id=\"9271f53\" data-element_type=\"column\" data-e-type=\"column\">\n\t\t\t<div class=\"elementor-widget-wrap elementor-element-populated\">\n\t\t\t\t\t\t<div class=\"elementor-element elementor-element-a78c661 elementor-widget elementor-widget-heading\" data-id=\"a78c661\" data-element_type=\"widget\" data-e-type=\"widget\" data-widget_type=\"heading.default\">\n\t\t\t\t<div class=\"elementor-widget-container\">\n\t\t\t\t\t<h3 class=\"elementor-heading-title elementor-size-default\">Traurige Pflanzen Zeichen<\/h3>\t\t\t\t<\/div>\n\t\t\t\t<\/div>\n\t\t\t\t\t<\/div>\n\t\t<\/div>\n\t\t\t\t<div class=\"elementor-column elementor-col-50 elementor-inner-column elementor-element elementor-element-251bbc2\" data-id=\"251bbc2\" data-element_type=\"column\" data-e-type=\"column\">\n\t\t\t<div class=\"elementor-widget-wrap elementor-element-populated\">\n\t\t\t\t\t\t<div class=\"elementor-element elementor-element-7d8b21f elementor-align-start elementor-icon-list--layout-traditional elementor-list-item-link-full_width elementor-widget elementor-widget-icon-list\" data-id=\"7d8b21f\" data-element_type=\"widget\" data-e-type=\"widget\" data-widget_type=\"icon-list.default\">\n\t\t\t\t<div class=\"elementor-widget-container\">\n\t\t\t\t\t\t\t<ul class=\"elementor-icon-list-items\">\n\t\t\t\t\t\t\t<li class=\"elementor-icon-list-item\">\n\t\t\t\t\t\t\t\t\t\t\t<span class=\"elementor-icon-list-icon\">\n\t\t\t\t\t\t\t<i aria-hidden=\"true\" class=\"far fa-dot-circle\"><\/i>\t\t\t\t\t\t<\/span>\n\t\t\t\t\t\t\t\t\t\t<span class=\"elementor-icon-list-text\">Duis vel ipsum vitae est semper varius in id<\/span>\n\t\t\t\t\t\t\t\t\t<\/li>\n\t\t\t\t\t\t\t\t<li class=\"elementor-icon-list-item\">\n\t\t\t\t\t\t\t\t\t\t\t<span class=\"elementor-icon-list-icon\">\n\t\t\t\t\t\t\t<i aria-hidden=\"true\" class=\"far fa-dot-circle\"><\/i>\t\t\t\t\t\t<\/span>\n\t\t\t\t\t\t\t\t\t\t<span class=\"elementor-icon-list-text\">Klasse aptent taciti sociosqu<\/span>\n\t\t\t\t\t\t\t\t\t<\/li>\n\t\t\t\t\t\t\t\t<li class=\"elementor-icon-list-item\">\n\t\t\t\t\t\t\t\t\t\t\t<span class=\"elementor-icon-list-icon\">\n\t\t\t\t\t\t\t<i aria-hidden=\"true\" class=\"far fa-dot-circle\"><\/i>\t\t\t\t\t\t<\/span>\n\t\t\t\t\t\t\t\t\t\t<span class=\"elementor-icon-list-text\">Litora torquent per conubia nostra per<\/span>\n\t\t\t\t\t\t\t\t\t<\/li>\n\t\t\t\t\t\t\t\t<li class=\"elementor-icon-list-item\">\n\t\t\t\t\t\t\t\t\t\t\t<span class=\"elementor-icon-list-icon\">\n\t\t\t\t\t\t\t<i aria-hidden=\"true\" class=\"far fa-dot-circle\"><\/i>\t\t\t\t\t\t<\/span>\n\t\t\t\t\t\t\t\t\t\t<span class=\"elementor-icon-list-text\">Inceptos himenaeos praesent<\/span>\n\t\t\t\t\t\t\t\t\t<\/li>\n\t\t\t\t\t\t\t\t<li class=\"elementor-icon-list-item\">\n\t\t\t\t\t\t\t\t\t\t\t<span class=\"elementor-icon-list-icon\">\n\t\t\t\t\t\t\t<i aria-hidden=\"true\" class=\"far fa-dot-circle\"><\/i>\t\t\t\t\t\t<\/span>\n\t\t\t\t\t\t\t\t\t\t<span class=\"elementor-icon-list-text\">Fermentum elit eget<\/span>\n\t\t\t\t\t\t\t\t\t<\/li>\n\t\t\t\t\t\t<\/ul>\n\t\t\t\t\t\t<\/div>\n\t\t\t\t<\/div>\n\t\t\t\t\t<\/div>\n\t\t<\/div>\n\t\t\t\t\t<\/div>\n\t\t<\/section>\n\t\t\t\t\t<\/div>\n\t\t<\/div>\n\t\t\t\t\t<\/div>\n\t\t<\/section>\n\t\t\t\t<\/div>\n\t\t","protected":false},"excerpt":{"rendered":"<p data-start=\"219\" data-end=\"526\">S\u00fc\u00dfkartoffel-Curry ist ein lebhaftes veganes Gericht, das fluffigen Reis mit cremigen S\u00fc\u00dfkartoffeln, herzhaften Kichererbsen und einer reichhaltigen Kokosmilchbasis kombiniert. <strong data-start=\"452\" data-end=\"492\">Vegan, geschmackvoll und von Hand gekocht<\/strong>, dann schonend gefriergetrocknet.<\/p>\n<p data-start=\"528\" data-end=\"762\"><strong data-start=\"528\" data-end=\"557\">Zutaten (alle nat\u00fcrlich):<\/strong><br data-start=\"557\" data-end=\"560\" \/>Reis, S\u00fc\u00dfkartoffel, Zwiebel, Kokosmilch, Kichererbsen, Wasser, Tomaten, Raps\u00f6l, Limette, Tomatenmark, Jodsalz, Zucker, Knoblauch, Currypulver, Ingwer, Kurkuma, Chilipulver, Kreuzk\u00fcmmel.<\/p>\n<p data-start=\"764\" data-end=\"987\"><strong data-start=\"764\" data-end=\"780\">Zubereitung:<\/strong><br data-start=\"780\" data-end=\"783\" \/>Einfach mit hei\u00dfem Wasser aufgie\u00dfen, bis alle Zutaten bedeckt sind (wir empfehlen, mit 200\u202fml zu starten und bei Bedarf etwas mehr hinzuzuf\u00fcgen), umr\u00fchren und 10 Minuten zugedeckt ziehen lassen.<\/p>\n<p data-start=\"764\" data-end=\"987\">Die fertige Mahlzeit hat etwa 320 g und 400 kcal.<\/p>\n<p data-start=\"764\" data-end=\"987\"><strong data-start=\"199\" data-end=\"244\">Bestellbar ab einer Box mit 9 Mahlzeiten.<\/strong> Wenn du erst testen m\u00f6chtest, empfehlen wir <strong data-start=\"289\" data-end=\"326\">unser <a href=\"https:\/\/chefurbanfood.com\/de\/product\/probierpaket\/\">Probierpaket<\/a><\/strong> \u2013 ideal zum Kennenlernen der Gerichte.<\/p>\n<p><a href=\"https:\/\/chefurbanfood.com\/de\/so-bereiten-sie-zu\/\" target=\"_new\" rel=\"noreferrer noopener\">Sehen Sie sich das Video an \u2192.<\/a><\/p>\n","protected":false},"featured_media":19895,"template":"","meta":{"_acf_changed":false,"_uag_custom_page_level_css":"","site-sidebar-layout":"no-sidebar","site-content-layout":"content-boxed-container","ast-site-content-layout":"normal-width-container","site-content-style":"boxed","site-sidebar-style":"unboxed","ast-global-header-display":"","ast-banner-title-visibility":"","ast-main-header-display":"","ast-hfb-above-header-display":"","ast-hfb-below-header-display":"","ast-hfb-mobile-header-display":"","site-post-title":"disabled","ast-breadcrumbs-content":"","ast-featured-img":"disabled","footer-sml-layout":"","ast-disable-related-posts":"","theme-transparent-header-meta":"disabled","adv-header-id-meta":"","stick-header-meta":"default","header-above-stick-meta":"","header-main-stick-meta":"","header-below-stick-meta":"","astra-migrate-meta-layouts":"set","ast-page-background-enabled":"default","ast-page-background-meta":{"desktop":{"background-color":"var(--ast-global-color-4)","background-image":"","background-repeat":"repeat","background-position":"center center","background-size":"auto","background-attachment":"scroll","background-type":"","background-media":"","overlay-type":"","overlay-color":"","overlay-opacity":"","overlay-gradient":""},"tablet":{"background-color":"","background-image":"","background-repeat":"repeat","background-position":"center center","background-size":"auto","background-attachment":"scroll","background-type":"","background-media":"","overlay-type":"","overlay-color":"","overlay-opacity":"","overlay-gradient":""},"mobile":{"background-color":"","background-image":"","background-repeat":"repeat","background-position":"center center","background-size":"auto","background-attachment":"scroll","background-type":"","background-media":"","overlay-type":"","overlay-color":"","overlay-opacity":"","overlay-gradient":""}},"ast-content-background-meta":{"desktop":{"background-color":"var(--ast-global-color-5)","background-image":"","background-repeat":"repeat","background-position":"center center","background-size":"auto","background-attachment":"scroll","background-type":"","background-media":"","overlay-type":"","overlay-color":"","overlay-opacity":"","overlay-gradient":""},"tablet":{"background-color":"var(--ast-global-color-5)","background-image":"","background-repeat":"repeat","background-position":"center center","background-size":"auto","background-attachment":"scroll","background-type":"","background-media":"","overlay-type":"","overlay-color":"","overlay-opacity":"","overlay-gradient":""},"mobile":{"background-color":"var(--ast-global-color-5)","background-image":"","background-repeat":"repeat","background-position":"center center","background-size":"auto","background-attachment":"scroll","background-type":"","background-media":"","overlay-type":"","overlay-color":"","overlay-opacity":"","overlay-gradient":""}}},"product_brand":[],"product_cat":[123,126,124,128],"product_tag":[],"class_list":{"0":"post-17645","1":"product","2":"type-product","3":"status-publish","4":"has-post-thumbnail","6":"product_cat-gefriergetrocknet","7":"product_cat-glutenfrei","8":"product_cat-laktosefrei","9":"product_cat-vegan-de","10":"desktop-align-center","11":"tablet-align-center","12":"mobile-align-center","13":"ast-product-gallery-layout-first-image-large","14":"ast-product-gallery-with-no-image","15":"ast-magnify-disabled","17":"first","18":"instock","19":"taxable","20":"shipping-taxable","21":"purchasable","22":"product-type-simple"},"acf":[],"yoast_head":"<!-- This site is optimized with the Yoast SEO plugin v27.5 - https:\/\/yoast.com\/product\/yoast-seo-wordpress\/ -->\n<title>S\u00fc\u00dfkartoffel-Curry - Chef Urban<\/title>\n<meta name=\"robots\" content=\"index, follow, max-snippet:-1, max-image-preview:large, max-video-preview:-1\" \/>\n<link rel=\"canonical\" href=\"https:\/\/chefurbanfood.com\/de\/product\/suesskartoffel-curry\/\" \/>\n<meta property=\"og:locale\" content=\"de_DE\" \/>\n<meta property=\"og:type\" content=\"article\" \/>\n<meta property=\"og:title\" content=\"S\u00fc\u00dfkartoffel-Curry - Chef Urban\" \/>\n<meta property=\"og:description\" content=\"S\u00fc\u00dfkartoffel-Curry ist ein lebhaftes veganes Gericht, das fluffigen Reis mit cremigen S\u00fc\u00dfkartoffeln, herzhaften Kichererbsen und einer reichhaltigen Kokosmilchbasis kombiniert. Vegan, geschmackvoll und von Hand gekocht, dann schonend gefriergetrocknet. Zutaten (alle nat\u00fcrlich):Reis, S\u00fc\u00dfkartoffel, Zwiebel, Kokosmilch, Kichererbsen, Wasser, Tomaten, Raps\u00f6l, Limette, Tomatenmark, Jodsalz, Zucker, Knoblauch, Currypulver, Ingwer, Kurkuma, Chilipulver, Kreuzk\u00fcmmel. Zubereitung:Einfach mit hei\u00dfem Wasser aufgie\u00dfen, bis alle Zutaten bedeckt sind (wir empfehlen, mit 200\u202fml zu starten und bei Bedarf etwas mehr hinzuzuf\u00fcgen), umr\u00fchren und 10 Minuten zugedeckt ziehen lassen. Die fertige Mahlzeit hat etwa 320 g und 400 kcal. Bestellbar ab einer Box mit 9 Mahlzeiten. Wenn du erst testen m\u00f6chtest, empfehlen wir unser Probierpaket \u2013 ideal zum Kennenlernen der Gerichte. Sehen Sie sich das Video an \u2192.\" \/>\n<meta property=\"og:url\" content=\"https:\/\/chefurbanfood.com\/de\/product\/suesskartoffel-curry\/\" \/>\n<meta property=\"og:site_name\" content=\"Chef Urban\" \/>\n<meta property=\"article:modified_time\" content=\"2025-06-13T14:19:24+00:00\" \/>\n<meta property=\"og:image\" content=\"https:\/\/chefurbanfood.com\/wp-content\/uploads\/2024\/07\/Cooking_The_Fast_Real_Food_Revolution_img.jpg\" \/>\n\t<meta property=\"og:image:width\" content=\"729\" \/>\n\t<meta property=\"og:image:height\" content=\"888\" \/>\n\t<meta property=\"og:image:type\" content=\"image\/webp\" \/>\n<meta name=\"twitter:card\" content=\"summary_large_image\" \/>\n<meta name=\"twitter:label1\" content=\"Gesch\u00e4tzte Lesezeit\" \/>\n\t<meta name=\"twitter:data1\" content=\"1\u00a0Minute\" \/>\n<script type=\"application\/ld+json\" class=\"yoast-schema-graph\">{\"@context\":\"https:\\\/\\\/schema.org\",\"@graph\":[{\"@type\":\"WebPage\",\"@id\":\"https:\\\/\\\/chefurbanfood.com\\\/de\\\/product\\\/suesskartoffel-curry\\\/\",\"url\":\"https:\\\/\\\/chefurbanfood.com\\\/de\\\/product\\\/suesskartoffel-curry\\\/\",\"name\":\"S\u00fc\u00dfkartoffel-Curry - Chef Urban\",\"isPartOf\":{\"@id\":\"https:\\\/\\\/chefurbanfood.com\\\/#website\"},\"primaryImageOfPage\":{\"@id\":\"https:\\\/\\\/chefurbanfood.com\\\/de\\\/product\\\/suesskartoffel-curry\\\/#primaryimage\"},\"image\":{\"@id\":\"https:\\\/\\\/chefurbanfood.com\\\/de\\\/product\\\/suesskartoffel-curry\\\/#primaryimage\"},\"thumbnailUrl\":\"https:\\\/\\\/chefurbanfood.com\\\/wp-content\\\/uploads\\\/2021\\\/08\\\/Chef-Urban_Sweet-Potato-Curry.webp\",\"datePublished\":\"2021-08-18T00:27:19+00:00\",\"dateModified\":\"2025-06-13T14:19:24+00:00\",\"breadcrumb\":{\"@id\":\"https:\\\/\\\/chefurbanfood.com\\\/de\\\/product\\\/suesskartoffel-curry\\\/#breadcrumb\"},\"inLanguage\":\"de\",\"potentialAction\":[{\"@type\":\"ReadAction\",\"target\":[\"https:\\\/\\\/chefurbanfood.com\\\/de\\\/product\\\/suesskartoffel-curry\\\/\"]}]},{\"@type\":\"ImageObject\",\"inLanguage\":\"de\",\"@id\":\"https:\\\/\\\/chefurbanfood.com\\\/de\\\/product\\\/suesskartoffel-curry\\\/#primaryimage\",\"url\":\"https:\\\/\\\/chefurbanfood.com\\\/wp-content\\\/uploads\\\/2021\\\/08\\\/Chef-Urban_Sweet-Potato-Curry.webp\",\"contentUrl\":\"https:\\\/\\\/chefurbanfood.com\\\/wp-content\\\/uploads\\\/2021\\\/08\\\/Chef-Urban_Sweet-Potato-Curry.webp\",\"width\":729,\"height\":888},{\"@type\":\"BreadcrumbList\",\"@id\":\"https:\\\/\\\/chefurbanfood.com\\\/de\\\/product\\\/suesskartoffel-curry\\\/#breadcrumb\",\"itemListElement\":[{\"@type\":\"ListItem\",\"position\":1,\"name\":\"Home\",\"item\":\"https:\\\/\\\/chefurbanfood.com\\\/\"},{\"@type\":\"ListItem\",\"position\":2,\"name\":\"Unsere Mahlzeiten\",\"item\":\"https:\\\/\\\/chefurbanfood.com\\\/de\\\/mahlzeiten\\\/\"},{\"@type\":\"ListItem\",\"position\":3,\"name\":\"S\u00fc\u00dfkartoffel-Curry\"}]},{\"@type\":\"WebSite\",\"@id\":\"https:\\\/\\\/chefurbanfood.com\\\/#website\",\"url\":\"https:\\\/\\\/chefurbanfood.com\\\/\",\"name\":\"Chef Urban - Fast Real Food\",\"description\":\"Hand-cooked healthy and tasty meals. Just add water.\",\"publisher\":{\"@id\":\"https:\\\/\\\/chefurbanfood.com\\\/#organization\"},\"potentialAction\":[{\"@type\":\"SearchAction\",\"target\":{\"@type\":\"EntryPoint\",\"urlTemplate\":\"https:\\\/\\\/chefurbanfood.com\\\/?s={search_term_string}\"},\"query-input\":{\"@type\":\"PropertyValueSpecification\",\"valueRequired\":true,\"valueName\":\"search_term_string\"}}],\"inLanguage\":\"de\"},{\"@type\":\"Organization\",\"@id\":\"https:\\\/\\\/chefurbanfood.com\\\/#organization\",\"name\":\"Chef Urban - Fast Real Food\",\"url\":\"https:\\\/\\\/chefurbanfood.com\\\/\",\"logo\":{\"@type\":\"ImageObject\",\"inLanguage\":\"de\",\"@id\":\"https:\\\/\\\/chefurbanfood.com\\\/#\\\/schema\\\/logo\\\/image\\\/\",\"url\":\"https:\\\/\\\/chefurbanfood.com\\\/wp-content\\\/uploads\\\/2023\\\/07\\\/Chef-Urban-site-ico.png\",\"contentUrl\":\"https:\\\/\\\/chefurbanfood.com\\\/wp-content\\\/uploads\\\/2023\\\/07\\\/Chef-Urban-site-ico.png\",\"width\":501,\"height\":501,\"caption\":\"Chef Urban - Fast Real Food\"},\"image\":{\"@id\":\"https:\\\/\\\/chefurbanfood.com\\\/#\\\/schema\\\/logo\\\/image\\\/\"}}]}<\/script>\n<!-- \/ Yoast SEO plugin. -->","yoast_head_json":{"title":"S\u00fc\u00dfkartoffel-Curry - Chef Urban","robots":{"index":"index","follow":"follow","max-snippet":"max-snippet:-1","max-image-preview":"max-image-preview:large","max-video-preview":"max-video-preview:-1"},"canonical":"https:\/\/chefurbanfood.com\/de\/product\/suesskartoffel-curry\/","og_locale":"de_DE","og_type":"article","og_title":"S\u00fc\u00dfkartoffel-Curry - Chef Urban","og_description":"S\u00fc\u00dfkartoffel-Curry ist ein lebhaftes veganes Gericht, das fluffigen Reis mit cremigen S\u00fc\u00dfkartoffeln, herzhaften Kichererbsen und einer reichhaltigen Kokosmilchbasis kombiniert. Vegan, geschmackvoll und von Hand gekocht, dann schonend gefriergetrocknet. Zutaten (alle nat\u00fcrlich):Reis, S\u00fc\u00dfkartoffel, Zwiebel, Kokosmilch, Kichererbsen, Wasser, Tomaten, Raps\u00f6l, Limette, Tomatenmark, Jodsalz, Zucker, Knoblauch, Currypulver, Ingwer, Kurkuma, Chilipulver, Kreuzk\u00fcmmel. Zubereitung:Einfach mit hei\u00dfem Wasser aufgie\u00dfen, bis alle Zutaten bedeckt sind (wir empfehlen, mit 200\u202fml zu starten und bei Bedarf etwas mehr hinzuzuf\u00fcgen), umr\u00fchren und 10 Minuten zugedeckt ziehen lassen. Die fertige Mahlzeit hat etwa 320 g und 400 kcal. Bestellbar ab einer Box mit 9 Mahlzeiten. Wenn du erst testen m\u00f6chtest, empfehlen wir unser Probierpaket \u2013 ideal zum Kennenlernen der Gerichte. Sehen Sie sich das Video an \u2192.","og_url":"https:\/\/chefurbanfood.com\/de\/product\/suesskartoffel-curry\/","og_site_name":"Chef Urban","article_modified_time":"2025-06-13T14:19:24+00:00","og_image":[{"width":729,"height":888,"url":"https:\/\/chefurbanfood.com\/wp-content\/uploads\/2024\/07\/Cooking_The_Fast_Real_Food_Revolution_img.jpg","type":"image\/webp"}],"twitter_card":"summary_large_image","twitter_misc":{"Gesch\u00e4tzte Lesezeit":"1\u00a0Minute"},"schema":{"@context":"https:\/\/schema.org","@graph":[{"@type":"WebPage","@id":"https:\/\/chefurbanfood.com\/de\/product\/suesskartoffel-curry\/","url":"https:\/\/chefurbanfood.com\/de\/product\/suesskartoffel-curry\/","name":"S\u00fc\u00dfkartoffel-Curry - Chef Urban","isPartOf":{"@id":"https:\/\/chefurbanfood.com\/#website"},"primaryImageOfPage":{"@id":"https:\/\/chefurbanfood.com\/de\/product\/suesskartoffel-curry\/#primaryimage"},"image":{"@id":"https:\/\/chefurbanfood.com\/de\/product\/suesskartoffel-curry\/#primaryimage"},"thumbnailUrl":"https:\/\/chefurbanfood.com\/wp-content\/uploads\/2021\/08\/Chef-Urban_Sweet-Potato-Curry.webp","datePublished":"2021-08-18T00:27:19+00:00","dateModified":"2025-06-13T14:19:24+00:00","breadcrumb":{"@id":"https:\/\/chefurbanfood.com\/de\/product\/suesskartoffel-curry\/#breadcrumb"},"inLanguage":"de","potentialAction":[{"@type":"ReadAction","target":["https:\/\/chefurbanfood.com\/de\/product\/suesskartoffel-curry\/"]}]},{"@type":"ImageObject","inLanguage":"de","@id":"https:\/\/chefurbanfood.com\/de\/product\/suesskartoffel-curry\/#primaryimage","url":"https:\/\/chefurbanfood.com\/wp-content\/uploads\/2021\/08\/Chef-Urban_Sweet-Potato-Curry.webp","contentUrl":"https:\/\/chefurbanfood.com\/wp-content\/uploads\/2021\/08\/Chef-Urban_Sweet-Potato-Curry.webp","width":729,"height":888},{"@type":"BreadcrumbList","@id":"https:\/\/chefurbanfood.com\/de\/product\/suesskartoffel-curry\/#breadcrumb","itemListElement":[{"@type":"ListItem","position":1,"name":"Home","item":"https:\/\/chefurbanfood.com\/"},{"@type":"ListItem","position":2,"name":"Unsere Mahlzeiten","item":"https:\/\/chefurbanfood.com\/de\/mahlzeiten\/"},{"@type":"ListItem","position":3,"name":"S\u00fc\u00dfkartoffel-Curry"}]},{"@type":"WebSite","@id":"https:\/\/chefurbanfood.com\/#website","url":"https:\/\/chefurbanfood.com\/","name":"Chef Urban - Fast Real Food","description":"Hand-cooked healthy and tasty meals. Just add water.","publisher":{"@id":"https:\/\/chefurbanfood.com\/#organization"},"potentialAction":[{"@type":"SearchAction","target":{"@type":"EntryPoint","urlTemplate":"https:\/\/chefurbanfood.com\/?s={search_term_string}"},"query-input":{"@type":"PropertyValueSpecification","valueRequired":true,"valueName":"search_term_string"}}],"inLanguage":"de"},{"@type":"Organization","@id":"https:\/\/chefurbanfood.com\/#organization","name":"Chef Urban - Fast Real Food","url":"https:\/\/chefurbanfood.com\/","logo":{"@type":"ImageObject","inLanguage":"de","@id":"https:\/\/chefurbanfood.com\/#\/schema\/logo\/image\/","url":"https:\/\/chefurbanfood.com\/wp-content\/uploads\/2023\/07\/Chef-Urban-site-ico.png","contentUrl":"https:\/\/chefurbanfood.com\/wp-content\/uploads\/2023\/07\/Chef-Urban-site-ico.png","width":501,"height":501,"caption":"Chef Urban - Fast Real Food"},"image":{"@id":"https:\/\/chefurbanfood.com\/#\/schema\/logo\/image\/"}}]}},"uagb_featured_image_src":{"full":["https:\/\/chefurbanfood.com\/wp-content\/uploads\/2021\/08\/Chef-Urban_Sweet-Potato-Curry.webp",729,888,false],"thumbnail":["https:\/\/chefurbanfood.com\/wp-content\/uploads\/2021\/08\/Chef-Urban_Sweet-Potato-Curry-150x150.webp",150,150,true],"medium":["https:\/\/chefurbanfood.com\/wp-content\/uploads\/2021\/08\/Chef-Urban_Sweet-Potato-Curry-246x300.webp",246,300,true],"medium_large":["https:\/\/chefurbanfood.com\/wp-content\/uploads\/2021\/08\/Chef-Urban_Sweet-Potato-Curry.webp",729,888,false],"large":["https:\/\/chefurbanfood.com\/wp-content\/uploads\/2021\/08\/Chef-Urban_Sweet-Potato-Curry.webp",729,888,false],"1536x1536":["https:\/\/chefurbanfood.com\/wp-content\/uploads\/2021\/08\/Chef-Urban_Sweet-Potato-Curry.webp",729,888,false],"2048x2048":["https:\/\/chefurbanfood.com\/wp-content\/uploads\/2021\/08\/Chef-Urban_Sweet-Potato-Curry.webp",729,888,false],"woocommerce_thumbnail":["https:\/\/chefurbanfood.com\/wp-content\/uploads\/2021\/08\/Chef-Urban_Sweet-Potato-Curry-600x731.webp",600,731,true],"woocommerce_single":["https:\/\/chefurbanfood.com\/wp-content\/uploads\/2021\/08\/Chef-Urban_Sweet-Potato-Curry-600x731.webp",600,731,true],"woocommerce_gallery_thumbnail":["https:\/\/chefurbanfood.com\/wp-content\/uploads\/2021\/08\/Chef-Urban_Sweet-Potato-Curry-100x100.webp",100,100,true]},"uagb_author_info":{"display_name":"rainer","author_link":"https:\/\/chefurbanfood.com\/de\/author\/"},"uagb_comment_info":0,"uagb_excerpt":"S\u00fc\u00dfkartoffel-Curry ist ein lebhaftes veganes Gericht, das fluffigen Reis mit cremigen S\u00fc\u00dfkartoffeln, herzhaften Kichererbsen und einer reichhaltigen Kokosmilchbasis kombiniert. Vegan, geschmackvoll und von Hand gekocht, dann schonend gefriergetrocknet. Zutaten (alle nat\u00fcrlich):Reis, S\u00fc\u00dfkartoffel, Zwiebel, Kokosmilch, Kichererbsen, Wasser, Tomaten, Raps\u00f6l, Limette, Tomatenmark, Jodsalz, Zucker, Knoblauch, Currypulver, Ingwer, Kurkuma, Chilipulver, Kreuzk\u00fcmmel. Zubereitung:Einfach mit hei\u00dfem Wasser aufgie\u00dfen, bis alle&hellip;","_links":{"self":[{"href":"https:\/\/chefurbanfood.com\/de\/wp-json\/wp\/v2\/product\/17645","targetHints":{"allow":["GET"]}}],"collection":[{"href":"https:\/\/chefurbanfood.com\/de\/wp-json\/wp\/v2\/product"}],"about":[{"href":"https:\/\/chefurbanfood.com\/de\/wp-json\/wp\/v2\/types\/product"}],"version-history":[{"count":1,"href":"https:\/\/chefurbanfood.com\/de\/wp-json\/wp\/v2\/product\/17645\/revisions"}],"predecessor-version":[{"id":20149,"href":"https:\/\/chefurbanfood.com\/de\/wp-json\/wp\/v2\/product\/17645\/revisions\/20149"}],"wp:featuredmedia":[{"embeddable":true,"href":"https:\/\/chefurbanfood.com\/de\/wp-json\/wp\/v2\/media\/19895"}],"wp:attachment":[{"href":"https:\/\/chefurbanfood.com\/de\/wp-json\/wp\/v2\/media?parent=17645"}],"wp:term":[{"taxonomy":"product_brand","embeddable":true,"href":"https:\/\/chefurbanfood.com\/de\/wp-json\/wp\/v2\/product_brand?post=17645"},{"taxonomy":"product_cat","embeddable":true,"href":"https:\/\/chefurbanfood.com\/de\/wp-json\/wp\/v2\/product_cat?post=17645"},{"taxonomy":"product_tag","embeddable":true,"href":"https:\/\/chefurbanfood.com\/de\/wp-json\/wp\/v2\/product_tag?post=17645"}],"curies":[{"name":"wp","href":"https:\/\/api.w.org\/{rel}","templated":true}]}}