{"id":17655,"date":"2021-08-18T02:28:39","date_gmt":"2021-08-17T23:28:39","guid":{"rendered":"https:\/\/chefurbanfood.com\/toode\/himbeer-milchreis-pudding\/"},"modified":"2025-06-17T12:41:46","modified_gmt":"2025-06-17T09:41:46","slug":"himbeer-milchreis-pudding","status":"publish","type":"product","link":"https:\/\/chefurbanfood.com\/de\/product\/himbeer-milchreis-pudding\/","title":{"rendered":"Milchreis mit Himbeeren"},"content":{"rendered":"<p><strong>S\u00fc\u00df, cremig und wunderbar einfach.<\/strong><br \/>\nDieser Himbeer-Milchreis kombiniert fluffigen Reis mit dem fruchtig-frischen Geschmack von Himbeeren. Perfekt als Fr\u00fchst\u00fcck oder leichtes Dessert \u2013 mit nur wenigen Zutaten wie Milch, Sahne und einem Hauch Zucker f\u00fcr maximalen Geschmack. Schonend von Hand gekocht und gefriergetrocknet \u2013 f\u00fcr ein s\u00e4ttigendes, schnelles und ehrliches Wohlf\u00fchlgericht.<\/p>\n<p><strong>Zutaten (alle nat\u00fcrlich):<\/strong><br \/>\nReis, Milch, Himbeeren, Sahne, Zucker, Salz.<\/p>\n<p><strong>Zubereitung:<\/strong><br \/>\nEinfach 180\u202fml hei\u00dfes Wasser hinzuf\u00fcgen, umr\u00fchren und 8 Minuten zugedeckt ziehen lassen.<\/p>\n<p>Die fertige Mahlzeit hat etwa 300\u202fg und 350\u202fkcal.<\/p>\n<p><strong>Bestellbar ab einer Box mit 9 Mahlzeiten.<\/strong><br \/>\nWenn du erst testen m\u00f6chtest, empfehlen wir das <a href=\"https:\/\/chefurbanfood.com\/de\/product\/probierpaket\/\">Chef Urban Probierpaket<\/a> \u2013 ideal zum Kennenlernen der Gerichte.<\/p>\n<p><a href=\"https:\/\/chefurbanfood.com\/de\/so-bereiten-sie-zu\/\" target=\"_new\" rel=\"noreferrer noopener\">Sehen Sie sich das Video an \u2192<\/a><\/p>\n","protected":false},"excerpt":{"rendered":"<p><strong>S\u00fc\u00df, cremig und wunderbar einfach.<\/strong><br \/>\nDieser Himbeer-Milchreis kombiniert fluffigen Reis mit dem fruchtig-frischen Geschmack von Himbeeren. Perfekt als Fr\u00fchst\u00fcck oder leichtes Dessert \u2013 mit nur wenigen Zutaten wie Milch, Sahne und einem Hauch Zucker f\u00fcr maximalen Geschmack. Schonend von Hand gekocht und gefriergetrocknet \u2013 f\u00fcr ein s\u00e4ttigendes, schnelles und ehrliches Wohlf\u00fchlgericht.<\/p>\n<p><strong>Zutaten (alle nat\u00fcrlich):<\/strong><br \/>\nReis, Milch, Himbeeren, Sahne, Zucker, Salz.<\/p>\n<p><strong>Zubereitung:<\/strong><br \/>\nEinfach 180\u202fml hei\u00dfes Wasser hinzuf\u00fcgen, umr\u00fchren und 8 Minuten zugedeckt ziehen lassen.<\/p>\n<p>Die fertige Mahlzeit hat etwa 300\u202fg und 350\u202fkcal.<\/p>\n<p><strong>Bestellbar ab einer Box mit 9 Mahlzeiten.<\/strong><br \/>\nWenn du erst testen m\u00f6chtest, empfehlen wir das <a href=\"https:\/\/chefurbanfood.com\/de\/product\/probierpaket\/\">Chef Urban Probierpaket<\/a> \u2013 ideal zum Kennenlernen der Gerichte.<\/p>\n<p><a href=\"https:\/\/chefurbanfood.com\/de\/so-bereiten-sie-zu\/\" target=\"_new\" rel=\"noreferrer noopener\">Sehen Sie sich das Video an \u2192<\/a><\/p>\n","protected":false},"featured_media":19898,"template":"","meta":{"_acf_changed":false,"_uag_custom_page_level_css":"","site-sidebar-layout":"default","site-content-layout":"content-boxed-container","ast-site-content-layout":"normal-width-container","site-content-style":"boxed","site-sidebar-style":"unboxed","ast-global-header-display":"","ast-banner-title-visibility":"","ast-main-header-display":"","ast-hfb-above-header-display":"","ast-hfb-below-header-display":"","ast-hfb-mobile-header-display":"","site-post-title":"","ast-breadcrumbs-content":"","ast-featured-img":"","footer-sml-layout":"","ast-disable-related-posts":"","theme-transparent-header-meta":"default","adv-header-id-meta":"","stick-header-meta":"default","header-above-stick-meta":"","header-main-stick-meta":"","header-below-stick-meta":"","astra-migrate-meta-layouts":"set","ast-page-background-enabled":"default","ast-page-background-meta":{"desktop":{"background-color":"var(--ast-global-color-4)","background-image":"","background-repeat":"repeat","background-position":"center center","background-size":"auto","background-attachment":"scroll","background-type":"","background-media":"","overlay-type":"","overlay-color":"","overlay-opacity":"","overlay-gradient":""},"tablet":{"background-color":"","background-image":"","background-repeat":"repeat","background-position":"center center","background-size":"auto","background-attachment":"scroll","background-type":"","background-media":"","overlay-type":"","overlay-color":"","overlay-opacity":"","overlay-gradient":""},"mobile":{"background-color":"","background-image":"","background-repeat":"repeat","background-position":"center center","background-size":"auto","background-attachment":"scroll","background-type":"","background-media":"","overlay-type":"","overlay-color":"","overlay-opacity":"","overlay-gradient":""}},"ast-content-background-meta":{"desktop":{"background-color":"var(--ast-global-color-5)","background-image":"","background-repeat":"repeat","background-position":"center center","background-size":"auto","background-attachment":"scroll","background-type":"","background-media":"","overlay-type":"","overlay-color":"","overlay-opacity":"","overlay-gradient":""},"tablet":{"background-color":"var(--ast-global-color-5)","background-image":"","background-repeat":"repeat","background-position":"center center","background-size":"auto","background-attachment":"scroll","background-type":"","background-media":"","overlay-type":"","overlay-color":"","overlay-opacity":"","overlay-gradient":""},"mobile":{"background-color":"var(--ast-global-color-5)","background-image":"","background-repeat":"repeat","background-position":"center center","background-size":"auto","background-attachment":"scroll","background-type":"","background-media":"","overlay-type":"","overlay-color":"","overlay-opacity":"","overlay-gradient":""}}},"product_brand":[],"product_cat":[123,126],"product_tag":[],"class_list":{"0":"post-17655","1":"product","2":"type-product","3":"status-publish","4":"has-post-thumbnail","6":"product_cat-gefriergetrocknet","7":"product_cat-glutenfrei","8":"desktop-align-center","9":"tablet-align-center","10":"mobile-align-center","11":"ast-product-gallery-layout-first-image-large","12":"ast-product-gallery-with-no-image","13":"ast-magnify-disabled","15":"first","16":"instock","17":"taxable","18":"shipping-taxable","19":"purchasable","20":"product-type-simple"},"acf":[],"yoast_head":"<!-- This site is optimized with the Yoast SEO plugin v27.5 - https:\/\/yoast.com\/product\/yoast-seo-wordpress\/ -->\n<title>Milchreis mit Himbeeren - Chef Urban<\/title>\n<meta name=\"robots\" content=\"index, follow, max-snippet:-1, max-image-preview:large, max-video-preview:-1\" \/>\n<link rel=\"canonical\" href=\"https:\/\/chefurbanfood.com\/de\/product\/himbeer-milchreis-pudding\/\" \/>\n<meta property=\"og:locale\" content=\"de_DE\" \/>\n<meta property=\"og:type\" content=\"article\" \/>\n<meta property=\"og:title\" content=\"Milchreis mit Himbeeren - Chef Urban\" \/>\n<meta property=\"og:description\" content=\"S\u00fc\u00df, cremig und wunderbar einfach. Dieser Himbeer-Milchreis kombiniert fluffigen Reis mit dem fruchtig-frischen Geschmack von Himbeeren. Perfekt als Fr\u00fchst\u00fcck oder leichtes Dessert \u2013 mit nur wenigen Zutaten wie Milch, Sahne und einem Hauch Zucker f\u00fcr maximalen Geschmack. Schonend von Hand gekocht und gefriergetrocknet \u2013 f\u00fcr ein s\u00e4ttigendes, schnelles und ehrliches Wohlf\u00fchlgericht.  Zutaten (alle nat\u00fcrlich): Reis, Milch, Himbeeren, Sahne, Zucker, Salz.  Zubereitung: Einfach 180\u202fml hei\u00dfes Wasser hinzuf\u00fcgen, umr\u00fchren und 8 Minuten zugedeckt ziehen lassen.  Die fertige Mahlzeit hat etwa 300\u202fg und 350\u202fkcal.  Bestellbar ab einer Box mit 9 Mahlzeiten. Wenn du erst testen m\u00f6chtest, empfehlen wir das Chef Urban Probierpaket \u2013 ideal zum Kennenlernen der Gerichte.  Sehen Sie sich das Video an \u2192\" \/>\n<meta property=\"og:url\" content=\"https:\/\/chefurbanfood.com\/de\/product\/himbeer-milchreis-pudding\/\" \/>\n<meta property=\"og:site_name\" content=\"Chef Urban\" \/>\n<meta property=\"article:modified_time\" content=\"2025-06-17T09:41:46+00:00\" \/>\n<meta property=\"og:image\" content=\"https:\/\/chefurbanfood.com\/wp-content\/uploads\/2024\/07\/Cooking_The_Fast_Real_Food_Revolution_img.jpg\" \/>\n\t<meta property=\"og:image:width\" content=\"729\" \/>\n\t<meta property=\"og:image:height\" content=\"888\" \/>\n\t<meta property=\"og:image:type\" content=\"image\/webp\" \/>\n<meta name=\"twitter:card\" content=\"summary_large_image\" \/>\n<meta name=\"twitter:label1\" content=\"Gesch\u00e4tzte Lesezeit\" \/>\n\t<meta name=\"twitter:data1\" content=\"1\u00a0Minute\" \/>\n<script type=\"application\/ld+json\" class=\"yoast-schema-graph\">{\"@context\":\"https:\\\/\\\/schema.org\",\"@graph\":[{\"@type\":\"WebPage\",\"@id\":\"https:\\\/\\\/chefurbanfood.com\\\/de\\\/product\\\/himbeer-milchreis-pudding\\\/\",\"url\":\"https:\\\/\\\/chefurbanfood.com\\\/de\\\/product\\\/himbeer-milchreis-pudding\\\/\",\"name\":\"Milchreis mit Himbeeren - Chef Urban\",\"isPartOf\":{\"@id\":\"https:\\\/\\\/chefurbanfood.com\\\/#website\"},\"primaryImageOfPage\":{\"@id\":\"https:\\\/\\\/chefurbanfood.com\\\/de\\\/product\\\/himbeer-milchreis-pudding\\\/#primaryimage\"},\"image\":{\"@id\":\"https:\\\/\\\/chefurbanfood.com\\\/de\\\/product\\\/himbeer-milchreis-pudding\\\/#primaryimage\"},\"thumbnailUrl\":\"https:\\\/\\\/chefurbanfood.com\\\/wp-content\\\/uploads\\\/2021\\\/08\\\/Chef-Urban_Raspberry-Rice-Pudding.webp\",\"datePublished\":\"2021-08-17T23:28:39+00:00\",\"dateModified\":\"2025-06-17T09:41:46+00:00\",\"breadcrumb\":{\"@id\":\"https:\\\/\\\/chefurbanfood.com\\\/de\\\/product\\\/himbeer-milchreis-pudding\\\/#breadcrumb\"},\"inLanguage\":\"de\",\"potentialAction\":[{\"@type\":\"ReadAction\",\"target\":[\"https:\\\/\\\/chefurbanfood.com\\\/de\\\/product\\\/himbeer-milchreis-pudding\\\/\"]}]},{\"@type\":\"ImageObject\",\"inLanguage\":\"de\",\"@id\":\"https:\\\/\\\/chefurbanfood.com\\\/de\\\/product\\\/himbeer-milchreis-pudding\\\/#primaryimage\",\"url\":\"https:\\\/\\\/chefurbanfood.com\\\/wp-content\\\/uploads\\\/2021\\\/08\\\/Chef-Urban_Raspberry-Rice-Pudding.webp\",\"contentUrl\":\"https:\\\/\\\/chefurbanfood.com\\\/wp-content\\\/uploads\\\/2021\\\/08\\\/Chef-Urban_Raspberry-Rice-Pudding.webp\",\"width\":729,\"height\":888},{\"@type\":\"BreadcrumbList\",\"@id\":\"https:\\\/\\\/chefurbanfood.com\\\/de\\\/product\\\/himbeer-milchreis-pudding\\\/#breadcrumb\",\"itemListElement\":[{\"@type\":\"ListItem\",\"position\":1,\"name\":\"Home\",\"item\":\"https:\\\/\\\/chefurbanfood.com\\\/\"},{\"@type\":\"ListItem\",\"position\":2,\"name\":\"Unsere Mahlzeiten\",\"item\":\"https:\\\/\\\/chefurbanfood.com\\\/de\\\/mahlzeiten\\\/\"},{\"@type\":\"ListItem\",\"position\":3,\"name\":\"Milchreis mit Himbeeren\"}]},{\"@type\":\"WebSite\",\"@id\":\"https:\\\/\\\/chefurbanfood.com\\\/#website\",\"url\":\"https:\\\/\\\/chefurbanfood.com\\\/\",\"name\":\"Chef Urban - Fast Real Food\",\"description\":\"Hand-cooked healthy and tasty meals. Just add water.\",\"publisher\":{\"@id\":\"https:\\\/\\\/chefurbanfood.com\\\/#organization\"},\"potentialAction\":[{\"@type\":\"SearchAction\",\"target\":{\"@type\":\"EntryPoint\",\"urlTemplate\":\"https:\\\/\\\/chefurbanfood.com\\\/?s={search_term_string}\"},\"query-input\":{\"@type\":\"PropertyValueSpecification\",\"valueRequired\":true,\"valueName\":\"search_term_string\"}}],\"inLanguage\":\"de\"},{\"@type\":\"Organization\",\"@id\":\"https:\\\/\\\/chefurbanfood.com\\\/#organization\",\"name\":\"Chef Urban - Fast Real Food\",\"url\":\"https:\\\/\\\/chefurbanfood.com\\\/\",\"logo\":{\"@type\":\"ImageObject\",\"inLanguage\":\"de\",\"@id\":\"https:\\\/\\\/chefurbanfood.com\\\/#\\\/schema\\\/logo\\\/image\\\/\",\"url\":\"https:\\\/\\\/chefurbanfood.com\\\/wp-content\\\/uploads\\\/2023\\\/07\\\/Chef-Urban-site-ico.png\",\"contentUrl\":\"https:\\\/\\\/chefurbanfood.com\\\/wp-content\\\/uploads\\\/2023\\\/07\\\/Chef-Urban-site-ico.png\",\"width\":501,\"height\":501,\"caption\":\"Chef Urban - Fast Real Food\"},\"image\":{\"@id\":\"https:\\\/\\\/chefurbanfood.com\\\/#\\\/schema\\\/logo\\\/image\\\/\"}}]}<\/script>\n<!-- \/ Yoast SEO plugin. -->","yoast_head_json":{"title":"Milchreis mit Himbeeren - Chef Urban","robots":{"index":"index","follow":"follow","max-snippet":"max-snippet:-1","max-image-preview":"max-image-preview:large","max-video-preview":"max-video-preview:-1"},"canonical":"https:\/\/chefurbanfood.com\/de\/product\/himbeer-milchreis-pudding\/","og_locale":"de_DE","og_type":"article","og_title":"Milchreis mit Himbeeren - Chef Urban","og_description":"S\u00fc\u00df, cremig und wunderbar einfach. Dieser Himbeer-Milchreis kombiniert fluffigen Reis mit dem fruchtig-frischen Geschmack von Himbeeren. Perfekt als Fr\u00fchst\u00fcck oder leichtes Dessert \u2013 mit nur wenigen Zutaten wie Milch, Sahne und einem Hauch Zucker f\u00fcr maximalen Geschmack. Schonend von Hand gekocht und gefriergetrocknet \u2013 f\u00fcr ein s\u00e4ttigendes, schnelles und ehrliches Wohlf\u00fchlgericht.  Zutaten (alle nat\u00fcrlich): Reis, Milch, Himbeeren, Sahne, Zucker, Salz.  Zubereitung: Einfach 180\u202fml hei\u00dfes Wasser hinzuf\u00fcgen, umr\u00fchren und 8 Minuten zugedeckt ziehen lassen.  Die fertige Mahlzeit hat etwa 300\u202fg und 350\u202fkcal.  Bestellbar ab einer Box mit 9 Mahlzeiten. Wenn du erst testen m\u00f6chtest, empfehlen wir das Chef Urban Probierpaket \u2013 ideal zum Kennenlernen der Gerichte.  Sehen Sie sich das Video an \u2192","og_url":"https:\/\/chefurbanfood.com\/de\/product\/himbeer-milchreis-pudding\/","og_site_name":"Chef Urban","article_modified_time":"2025-06-17T09:41:46+00:00","og_image":[{"width":729,"height":888,"url":"https:\/\/chefurbanfood.com\/wp-content\/uploads\/2024\/07\/Cooking_The_Fast_Real_Food_Revolution_img.jpg","type":"image\/webp"}],"twitter_card":"summary_large_image","twitter_misc":{"Gesch\u00e4tzte Lesezeit":"1\u00a0Minute"},"schema":{"@context":"https:\/\/schema.org","@graph":[{"@type":"WebPage","@id":"https:\/\/chefurbanfood.com\/de\/product\/himbeer-milchreis-pudding\/","url":"https:\/\/chefurbanfood.com\/de\/product\/himbeer-milchreis-pudding\/","name":"Milchreis mit Himbeeren - Chef Urban","isPartOf":{"@id":"https:\/\/chefurbanfood.com\/#website"},"primaryImageOfPage":{"@id":"https:\/\/chefurbanfood.com\/de\/product\/himbeer-milchreis-pudding\/#primaryimage"},"image":{"@id":"https:\/\/chefurbanfood.com\/de\/product\/himbeer-milchreis-pudding\/#primaryimage"},"thumbnailUrl":"https:\/\/chefurbanfood.com\/wp-content\/uploads\/2021\/08\/Chef-Urban_Raspberry-Rice-Pudding.webp","datePublished":"2021-08-17T23:28:39+00:00","dateModified":"2025-06-17T09:41:46+00:00","breadcrumb":{"@id":"https:\/\/chefurbanfood.com\/de\/product\/himbeer-milchreis-pudding\/#breadcrumb"},"inLanguage":"de","potentialAction":[{"@type":"ReadAction","target":["https:\/\/chefurbanfood.com\/de\/product\/himbeer-milchreis-pudding\/"]}]},{"@type":"ImageObject","inLanguage":"de","@id":"https:\/\/chefurbanfood.com\/de\/product\/himbeer-milchreis-pudding\/#primaryimage","url":"https:\/\/chefurbanfood.com\/wp-content\/uploads\/2021\/08\/Chef-Urban_Raspberry-Rice-Pudding.webp","contentUrl":"https:\/\/chefurbanfood.com\/wp-content\/uploads\/2021\/08\/Chef-Urban_Raspberry-Rice-Pudding.webp","width":729,"height":888},{"@type":"BreadcrumbList","@id":"https:\/\/chefurbanfood.com\/de\/product\/himbeer-milchreis-pudding\/#breadcrumb","itemListElement":[{"@type":"ListItem","position":1,"name":"Home","item":"https:\/\/chefurbanfood.com\/"},{"@type":"ListItem","position":2,"name":"Unsere Mahlzeiten","item":"https:\/\/chefurbanfood.com\/de\/mahlzeiten\/"},{"@type":"ListItem","position":3,"name":"Milchreis mit Himbeeren"}]},{"@type":"WebSite","@id":"https:\/\/chefurbanfood.com\/#website","url":"https:\/\/chefurbanfood.com\/","name":"Chef Urban - Fast Real Food","description":"Hand-cooked healthy and tasty meals. Just add water.","publisher":{"@id":"https:\/\/chefurbanfood.com\/#organization"},"potentialAction":[{"@type":"SearchAction","target":{"@type":"EntryPoint","urlTemplate":"https:\/\/chefurbanfood.com\/?s={search_term_string}"},"query-input":{"@type":"PropertyValueSpecification","valueRequired":true,"valueName":"search_term_string"}}],"inLanguage":"de"},{"@type":"Organization","@id":"https:\/\/chefurbanfood.com\/#organization","name":"Chef Urban - Fast Real Food","url":"https:\/\/chefurbanfood.com\/","logo":{"@type":"ImageObject","inLanguage":"de","@id":"https:\/\/chefurbanfood.com\/#\/schema\/logo\/image\/","url":"https:\/\/chefurbanfood.com\/wp-content\/uploads\/2023\/07\/Chef-Urban-site-ico.png","contentUrl":"https:\/\/chefurbanfood.com\/wp-content\/uploads\/2023\/07\/Chef-Urban-site-ico.png","width":501,"height":501,"caption":"Chef Urban - Fast Real Food"},"image":{"@id":"https:\/\/chefurbanfood.com\/#\/schema\/logo\/image\/"}}]}},"uagb_featured_image_src":{"full":["https:\/\/chefurbanfood.com\/wp-content\/uploads\/2021\/08\/Chef-Urban_Raspberry-Rice-Pudding.webp",729,888,false],"thumbnail":["https:\/\/chefurbanfood.com\/wp-content\/uploads\/2021\/08\/Chef-Urban_Raspberry-Rice-Pudding-150x150.webp",150,150,true],"medium":["https:\/\/chefurbanfood.com\/wp-content\/uploads\/2021\/08\/Chef-Urban_Raspberry-Rice-Pudding-246x300.webp",246,300,true],"medium_large":["https:\/\/chefurbanfood.com\/wp-content\/uploads\/2021\/08\/Chef-Urban_Raspberry-Rice-Pudding.webp",729,888,false],"large":["https:\/\/chefurbanfood.com\/wp-content\/uploads\/2021\/08\/Chef-Urban_Raspberry-Rice-Pudding.webp",729,888,false],"1536x1536":["https:\/\/chefurbanfood.com\/wp-content\/uploads\/2021\/08\/Chef-Urban_Raspberry-Rice-Pudding.webp",729,888,false],"2048x2048":["https:\/\/chefurbanfood.com\/wp-content\/uploads\/2021\/08\/Chef-Urban_Raspberry-Rice-Pudding.webp",729,888,false],"woocommerce_thumbnail":["https:\/\/chefurbanfood.com\/wp-content\/uploads\/2021\/08\/Chef-Urban_Raspberry-Rice-Pudding-600x731.webp",600,731,true],"woocommerce_single":["https:\/\/chefurbanfood.com\/wp-content\/uploads\/2021\/08\/Chef-Urban_Raspberry-Rice-Pudding-600x731.webp",600,731,true],"woocommerce_gallery_thumbnail":["https:\/\/chefurbanfood.com\/wp-content\/uploads\/2021\/08\/Chef-Urban_Raspberry-Rice-Pudding-100x100.webp",100,100,true]},"uagb_author_info":{"display_name":"rainer","author_link":"https:\/\/chefurbanfood.com\/de\/author\/"},"uagb_comment_info":0,"uagb_excerpt":"S\u00fc\u00df, cremig und wunderbar einfach. Dieser Himbeer-Milchreis kombiniert fluffigen Reis mit dem fruchtig-frischen Geschmack von Himbeeren. Perfekt als Fr\u00fchst\u00fcck oder leichtes Dessert \u2013 mit nur wenigen Zutaten wie Milch, Sahne und einem Hauch Zucker f\u00fcr maximalen Geschmack. Schonend von Hand gekocht und gefriergetrocknet \u2013 f\u00fcr ein s\u00e4ttigendes, schnelles und ehrliches Wohlf\u00fchlgericht. Zutaten (alle nat\u00fcrlich): Reis,&hellip;","_links":{"self":[{"href":"https:\/\/chefurbanfood.com\/de\/wp-json\/wp\/v2\/product\/17655","targetHints":{"allow":["GET"]}}],"collection":[{"href":"https:\/\/chefurbanfood.com\/de\/wp-json\/wp\/v2\/product"}],"about":[{"href":"https:\/\/chefurbanfood.com\/de\/wp-json\/wp\/v2\/types\/product"}],"version-history":[{"count":4,"href":"https:\/\/chefurbanfood.com\/de\/wp-json\/wp\/v2\/product\/17655\/revisions"}],"predecessor-version":[{"id":20203,"href":"https:\/\/chefurbanfood.com\/de\/wp-json\/wp\/v2\/product\/17655\/revisions\/20203"}],"wp:featuredmedia":[{"embeddable":true,"href":"https:\/\/chefurbanfood.com\/de\/wp-json\/wp\/v2\/media\/19898"}],"wp:attachment":[{"href":"https:\/\/chefurbanfood.com\/de\/wp-json\/wp\/v2\/media?parent=17655"}],"wp:term":[{"taxonomy":"product_brand","embeddable":true,"href":"https:\/\/chefurbanfood.com\/de\/wp-json\/wp\/v2\/product_brand?post=17655"},{"taxonomy":"product_cat","embeddable":true,"href":"https:\/\/chefurbanfood.com\/de\/wp-json\/wp\/v2\/product_cat?post=17655"},{"taxonomy":"product_tag","embeddable":true,"href":"https:\/\/chefurbanfood.com\/de\/wp-json\/wp\/v2\/product_tag?post=17655"}],"curies":[{"name":"wp","href":"https:\/\/api.w.org\/{rel}","templated":true}]}}